{"id":148,"date":"2025-05-09T13:30:40","date_gmt":"2025-05-09T13:30:40","guid":{"rendered":"https:\/\/juststickit.de\/entwicklung\/?page_id=148"},"modified":"2025-05-24T13:58:33","modified_gmt":"2025-05-24T13:58:33","slug":"elementor-seite-148","status":"publish","type":"page","link":"https:\/\/juststickit.de\/index.php\/elementor-seite-148\/","title":{"rendered":"Impressum"},"content":{"rendered":"\t\t<div data-elementor-type=\"wp-page\" data-elementor-id=\"148\" class=\"elementor elementor-148\" data-elementor-post-type=\"page\">\n\t\t\t\t<div class=\"elementor-element elementor-element-16810c1 e-flex e-con-boxed e-con e-parent\" data-id=\"16810c1\" data-element_type=\"container\" data-e-type=\"container\">\n\t\t\t\t\t<div class=\"e-con-inner\">\n\t\t\t\t<div class=\"elementor-element elementor-element-08b261e elementor-widget elementor-widget-heading\" data-id=\"08b261e\" data-element_type=\"widget\" data-e-type=\"widget\" data-widget_type=\"heading.default\">\n\t\t\t\t<div class=\"elementor-widget-container\">\n\t\t\t\t\t<h2 class=\"elementor-heading-title elementor-size-default\">Impressum<\/h2>\t\t\t\t<\/div>\n\t\t\t\t<\/div>\n\t\t\t\t\t<\/div>\n\t\t\t\t<\/div>\n\t\t<div class=\"elementor-element elementor-element-2219048 e-flex e-con-boxed e-con e-parent\" data-id=\"2219048\" data-element_type=\"container\" data-e-type=\"container\">\n\t\t\t\t\t<div class=\"e-con-inner\">\n\t\t<div class=\"elementor-element elementor-element-d2c11f6 e-con-full e-flex e-con e-child\" data-id=\"d2c11f6\" data-element_type=\"container\" data-e-type=\"container\">\n\t\t\t\t<div class=\"elementor-element elementor-element-d1851b8 elementor-widget elementor-widget-text-editor\" data-id=\"d1851b8\" data-element_type=\"widget\" data-e-type=\"widget\" data-widget_type=\"text-editor.default\">\n\t\t\t\t<div class=\"elementor-widget-container\">\n\t\t\t\t\t\t\t\t\t<strong>Angaben gem\u00e4\u00df \u00a75 TMG:<br>\n<\/strong>Juststickit GbR\n<br>\nAlexander B\u00f6ker, Oliver Wurm<br>\nHein-Hoyer-Stra\u00dfe 16<br>\n20359 Hamburg<br><br>\n\n<strong>Vertreten durch:\n<\/strong><br>Alexander B\u00f6ker &amp; Oliver Wurm<br><br>\n\n<strong>Kontakt:<br>\n<\/strong>Telefon: 0171 8243024; 0172 4020366<br>\nE-Mail: info [at] juststickit.de<br><br>\n\n<strong>Umsatzsteuer-ID:<br>\n<\/strong>Umsatzsteuer-Identifikationsnummer gem\u00e4\u00df \u00a727 a Umsatzsteuergesetz:\nDE267163926<br><br>\n\n<strong>Verantwortlich f\u00fcr den Inhalt nach \u00a7 55 Abs. 2 RStV:\n<\/strong><br>Alexander B\u00f6ker &amp; Oliver Wurm<br><br>\n\nJuststickit ist eine Marke der\n<strong>One-XL GmbH<\/strong><br>\nHein-Hoyer-Stra\u00dfe 16<br>\n20359 Hamburg<br><br>\nSteuernummer: 46\/748\/03287\nFinanzamt Hamburg Hansa<br>\nHandesregisternummer: HRB 1372 68<br><br>\n\n&nbsp;\n\n&nbsp;\n<p class=\"p1\">Die Europ\u00e4ische Kommission stellt eine Plattform f\u00fcr die au\u00dfergerichtliche Online-Streitbeilegung (OS-Plattform) bereit, die unter <a href=\"http:\/\/www.ec.europa.eu\/consumers\/odr\">www.ec.europa.eu\/consumers\/odr<\/a> aufrufbar ist. Wir sind zur Teilnahme am Streitschlichtungsverfahren verpflichtet. Unsere E-Mail-Adresse finden Sie in unserem Impressum. Eine Liste mit den Kontaktdaten der anerkannten Streitschlichtungsstellen finden Sie unter <a href=\"https:\/\/ec.europa.eu\/consumers\/odr\/main\/index.cfm?event=main.adr.show\">https:\/\/ec.europa.eu\/consumers\/odr\/main\/index.cfm?event=main.adr.show<\/a><\/p>\t\t\t\t\t\t\t\t<\/div>\n\t\t\t\t<\/div>\n\t\t\t\t<\/div>\n\t\t<div class=\"elementor-element elementor-element-6dd33b1 e-con-full e-flex e-con e-child\" data-id=\"6dd33b1\" data-element_type=\"container\" data-e-type=\"container\">\n\t\t\t\t<div class=\"elementor-element elementor-element-413bac7 elementor-widget elementor-widget-text-editor\" data-id=\"413bac7\" data-element_type=\"widget\" data-e-type=\"widget\" data-widget_type=\"text-editor.default\">\n\t\t\t\t<div class=\"elementor-widget-container\">\n\t\t\t\t\t\t\t\t\t<h5>Haftungsausschluss (Disclaimer)<\/h5>\n<strong>Haftung f\u00fcr Inhalte<\/strong><br>\n\nAls Diensteanbieter sind wir gem\u00e4\u00df \u00a7 7 Abs.1 TMG f\u00fcr eigene Inhalte auf diesen Seiten nach den allgemeinen Gesetzen verantwortlich. Nach \u00a7\u00a7 8 bis 10 TMG sind wir als Diensteanbieter jedoch nicht verpflichtet, \u00fcbermittelte oder gespeicherte fremde Informationen zu \u00fcberwachen oder nach Umst\u00e4nden zu forschen, die auf eine rechtswidrige T\u00e4tigkeit hinweisen. Verpflichtungen zur Entfernung oder Sperrung der Nutzung von Informationen nach den allgemeinen Gesetzen bleiben hiervon unber\u00fchrt. Eine diesbez\u00fcgliche Haftung ist jedoch erst ab dem Zeitpunkt der Kenntnis einer konkreten Rechtsverletzung m\u00f6glich. Bei Bekanntwerden von entsprechenden Rechtsverletzungen werden wir diese Inhalte umgehend entfernen.<br><br>\n\n<strong>Haftung f\u00fcr Links<\/strong><br>\n\nUnser Angebot enth\u00e4lt Links zu externen Webseiten Dritter, auf deren Inhalte wir keinen Einfluss haben. Deshalb k\u00f6nnen wir f\u00fcr diese fremden Inhalte auch keine Gew\u00e4hr \u00fcbernehmen. F\u00fcr die Inhalte der verlinkten Seiten ist stets der jeweilige Anbieter oder Betreiber der Seiten verantwortlich. Die verlinkten Seiten wurden zum Zeitpunkt der Verlinkung auf m\u00f6gliche Rechtsverst\u00f6\u00dfe \u00fcberpr\u00fcft. Rechtswidrige Inhalte waren zum Zeitpunkt der Verlinkung nicht erkennbar. Eine permanente inhaltliche Kontrolle der verlinkten Seiten ist jedoch ohne konkrete Anhaltspunkte einer Rechtsverletzung nicht zumutbar. Bei Bekanntwerden von Rechtsverletzungen werden wir derartige Links umgehend entfernen.<br><br>\n\n<strong>Urheberrecht<\/strong><br>\n\nDie durch die Seitenbetreiber erstellten Inhalte und Werke auf diesen Seiten unterliegen dem deutschen Urheberrecht. Die Vervielf\u00e4ltigung, Bearbeitung, Verbreitung und jede Art der Verwertung au\u00dferhalb der Grenzen des Urheberrechtes bed\u00fcrfen der schriftlichen Zustimmung des jeweiligen Autors bzw. Erstellers. Downloads und Kopien dieser Seite sind nur f\u00fcr den privaten, nicht kommerziellen Gebrauch gestattet. Soweit die Inhalte auf dieser Seite nicht vom Betreiber erstellt wurden, werden die Urheberrechte Dritter beachtet. Insbesondere werden Inhalte Dritter als solche gekennzeichnet. Sollten Sie trotzdem auf eine Urheberrechtsverletzung aufmerksam werden, bitten wir um einen entsprechenden Hinweis. Bei Bekanntwerden von Rechtsverletzungen werden wir derartige Inhalte umgehend entfernen.\t\t\t\t\t\t\t\t<\/div>\n\t\t\t\t<\/div>\n\t\t\t\t<\/div>\n\t\t\t\t\t<\/div>\n\t\t\t\t<\/div>\n\t\t\t\t<\/div>\n\t\t","protected":false},"excerpt":{"rendered":"<p>Impressum Angaben gem\u00e4\u00df \u00a75 TMG: Juststickit GbR Alexander B\u00f6ker, Oliver Wurm Hein-Hoyer-Stra\u00dfe 16 20359 Hamburg Vertreten durch: Alexander B\u00f6ker &amp; Oliver Wurm Kontakt: Telefon: 0171 8243024; 0172 4020366 E-Mail: info [at] juststickit.de Umsatzsteuer-ID: Umsatzsteuer-Identifikationsnummer gem\u00e4\u00df \u00a727 a Umsatzsteuergesetz: DE267163926 Verantwortlich f\u00fcr den Inhalt nach \u00a7 55 Abs. 2 RStV: Alexander B\u00f6ker &amp; Oliver Wurm Juststickit [&hellip;]<\/p>\n","protected":false},"author":1,"featured_media":0,"parent":0,"menu_order":0,"comment_status":"closed","ping_status":"closed","template":"","meta":{"footnotes":""},"class_list":["post-148","page","type-page","status-publish","hentry"],"yoast_head":"<!-- This site is optimized with the Yoast SEO plugin v27.4 - https:\/\/yoast.com\/product\/yoast-seo-wordpress\/ -->\n<title>Impressum - juststickit<\/title>\n<meta name=\"robots\" content=\"index, follow, max-snippet:-1, max-image-preview:large, max-video-preview:-1\" \/>\n<link rel=\"canonical\" href=\"https:\/\/juststickit.de\/index.php\/elementor-seite-148\/\" \/>\n<meta property=\"og:locale\" content=\"de_DE\" \/>\n<meta property=\"og:type\" content=\"article\" \/>\n<meta property=\"og:title\" content=\"Impressum - juststickit\" \/>\n<meta property=\"og:description\" content=\"Impressum Angaben gem\u00e4\u00df \u00a75 TMG: Juststickit GbR Alexander B\u00f6ker, Oliver Wurm Hein-Hoyer-Stra\u00dfe 16 20359 Hamburg Vertreten durch: Alexander B\u00f6ker &amp; Oliver Wurm Kontakt: Telefon: 0171 8243024; 0172 4020366 E-Mail: info [at] juststickit.de Umsatzsteuer-ID: Umsatzsteuer-Identifikationsnummer gem\u00e4\u00df \u00a727 a Umsatzsteuergesetz: DE267163926 Verantwortlich f\u00fcr den Inhalt nach \u00a7 55 Abs. 2 RStV: Alexander B\u00f6ker &amp; Oliver Wurm Juststickit [&hellip;]\" \/>\n<meta property=\"og:url\" content=\"https:\/\/juststickit.de\/index.php\/elementor-seite-148\/\" \/>\n<meta property=\"og:site_name\" content=\"juststickit\" \/>\n<meta property=\"article:publisher\" content=\"https:\/\/www.facebook.com\/Juststickit.Alben\" \/>\n<meta property=\"article:modified_time\" content=\"2025-05-24T13:58:33+00:00\" \/>\n<meta name=\"twitter:card\" content=\"summary_large_image\" \/>\n<meta name=\"twitter:label1\" content=\"Gesch\u00e4tzte Lesezeit\" \/>\n\t<meta name=\"twitter:data1\" content=\"3\u00a0Minuten\" \/>\n<script type=\"application\/ld+json\" class=\"yoast-schema-graph\">{\"@context\":\"https:\\\/\\\/schema.org\",\"@graph\":[{\"@type\":\"WebPage\",\"@id\":\"https:\\\/\\\/juststickit.de\\\/index.php\\\/elementor-seite-148\\\/\",\"url\":\"https:\\\/\\\/juststickit.de\\\/index.php\\\/elementor-seite-148\\\/\",\"name\":\"Impressum - juststickit\",\"isPartOf\":{\"@id\":\"https:\\\/\\\/juststickit.de\\\/#website\"},\"datePublished\":\"2025-05-09T13:30:40+00:00\",\"dateModified\":\"2025-05-24T13:58:33+00:00\",\"breadcrumb\":{\"@id\":\"https:\\\/\\\/juststickit.de\\\/index.php\\\/elementor-seite-148\\\/#breadcrumb\"},\"inLanguage\":\"de\",\"potentialAction\":[{\"@type\":\"ReadAction\",\"target\":[\"https:\\\/\\\/juststickit.de\\\/index.php\\\/elementor-seite-148\\\/\"]}]},{\"@type\":\"BreadcrumbList\",\"@id\":\"https:\\\/\\\/juststickit.de\\\/index.php\\\/elementor-seite-148\\\/#breadcrumb\",\"itemListElement\":[{\"@type\":\"ListItem\",\"position\":1,\"name\":\"Startseite\",\"item\":\"https:\\\/\\\/juststickit.de\\\/\"},{\"@type\":\"ListItem\",\"position\":2,\"name\":\"Impressum\"}]},{\"@type\":\"WebSite\",\"@id\":\"https:\\\/\\\/juststickit.de\\\/#website\",\"url\":\"https:\\\/\\\/juststickit.de\\\/\",\"name\":\"juststickit\",\"description\":\"\",\"publisher\":{\"@id\":\"https:\\\/\\\/juststickit.de\\\/#organization\"},\"potentialAction\":[{\"@type\":\"SearchAction\",\"target\":{\"@type\":\"EntryPoint\",\"urlTemplate\":\"https:\\\/\\\/juststickit.de\\\/?s={search_term_string}\"},\"query-input\":{\"@type\":\"PropertyValueSpecification\",\"valueRequired\":true,\"valueName\":\"search_term_string\"}}],\"inLanguage\":\"de\"},{\"@type\":\"Organization\",\"@id\":\"https:\\\/\\\/juststickit.de\\\/#organization\",\"name\":\"juststickit.de\",\"url\":\"https:\\\/\\\/juststickit.de\\\/\",\"logo\":{\"@type\":\"ImageObject\",\"inLanguage\":\"de\",\"@id\":\"https:\\\/\\\/juststickit.de\\\/#\\\/schema\\\/logo\\\/image\\\/\",\"url\":\"https:\\\/\\\/juststickit.de\\\/wp-content\\\/uploads\\\/2025\\\/05\\\/JSI_logo.jpg\",\"contentUrl\":\"https:\\\/\\\/juststickit.de\\\/wp-content\\\/uploads\\\/2025\\\/05\\\/JSI_logo.jpg\",\"width\":1009,\"height\":260,\"caption\":\"juststickit.de\"},\"image\":{\"@id\":\"https:\\\/\\\/juststickit.de\\\/#\\\/schema\\\/logo\\\/image\\\/\"},\"sameAs\":[\"https:\\\/\\\/www.facebook.com\\\/Juststickit.Alben\"]}]}<\/script>\n<!-- \/ Yoast SEO plugin. -->","yoast_head_json":{"title":"Impressum - juststickit","robots":{"index":"index","follow":"follow","max-snippet":"max-snippet:-1","max-image-preview":"max-image-preview:large","max-video-preview":"max-video-preview:-1"},"canonical":"https:\/\/juststickit.de\/index.php\/elementor-seite-148\/","og_locale":"de_DE","og_type":"article","og_title":"Impressum - juststickit","og_description":"Impressum Angaben gem\u00e4\u00df \u00a75 TMG: Juststickit GbR Alexander B\u00f6ker, Oliver Wurm Hein-Hoyer-Stra\u00dfe 16 20359 Hamburg Vertreten durch: Alexander B\u00f6ker &amp; Oliver Wurm Kontakt: Telefon: 0171 8243024; 0172 4020366 E-Mail: info [at] juststickit.de Umsatzsteuer-ID: Umsatzsteuer-Identifikationsnummer gem\u00e4\u00df \u00a727 a Umsatzsteuergesetz: DE267163926 Verantwortlich f\u00fcr den Inhalt nach \u00a7 55 Abs. 2 RStV: Alexander B\u00f6ker &amp; Oliver Wurm Juststickit [&hellip;]","og_url":"https:\/\/juststickit.de\/index.php\/elementor-seite-148\/","og_site_name":"juststickit","article_publisher":"https:\/\/www.facebook.com\/Juststickit.Alben","article_modified_time":"2025-05-24T13:58:33+00:00","twitter_card":"summary_large_image","twitter_misc":{"Gesch\u00e4tzte Lesezeit":"3\u00a0Minuten"},"schema":{"@context":"https:\/\/schema.org","@graph":[{"@type":"WebPage","@id":"https:\/\/juststickit.de\/index.php\/elementor-seite-148\/","url":"https:\/\/juststickit.de\/index.php\/elementor-seite-148\/","name":"Impressum - juststickit","isPartOf":{"@id":"https:\/\/juststickit.de\/#website"},"datePublished":"2025-05-09T13:30:40+00:00","dateModified":"2025-05-24T13:58:33+00:00","breadcrumb":{"@id":"https:\/\/juststickit.de\/index.php\/elementor-seite-148\/#breadcrumb"},"inLanguage":"de","potentialAction":[{"@type":"ReadAction","target":["https:\/\/juststickit.de\/index.php\/elementor-seite-148\/"]}]},{"@type":"BreadcrumbList","@id":"https:\/\/juststickit.de\/index.php\/elementor-seite-148\/#breadcrumb","itemListElement":[{"@type":"ListItem","position":1,"name":"Startseite","item":"https:\/\/juststickit.de\/"},{"@type":"ListItem","position":2,"name":"Impressum"}]},{"@type":"WebSite","@id":"https:\/\/juststickit.de\/#website","url":"https:\/\/juststickit.de\/","name":"juststickit","description":"","publisher":{"@id":"https:\/\/juststickit.de\/#organization"},"potentialAction":[{"@type":"SearchAction","target":{"@type":"EntryPoint","urlTemplate":"https:\/\/juststickit.de\/?s={search_term_string}"},"query-input":{"@type":"PropertyValueSpecification","valueRequired":true,"valueName":"search_term_string"}}],"inLanguage":"de"},{"@type":"Organization","@id":"https:\/\/juststickit.de\/#organization","name":"juststickit.de","url":"https:\/\/juststickit.de\/","logo":{"@type":"ImageObject","inLanguage":"de","@id":"https:\/\/juststickit.de\/#\/schema\/logo\/image\/","url":"https:\/\/juststickit.de\/wp-content\/uploads\/2025\/05\/JSI_logo.jpg","contentUrl":"https:\/\/juststickit.de\/wp-content\/uploads\/2025\/05\/JSI_logo.jpg","width":1009,"height":260,"caption":"juststickit.de"},"image":{"@id":"https:\/\/juststickit.de\/#\/schema\/logo\/image\/"},"sameAs":["https:\/\/www.facebook.com\/Juststickit.Alben"]}]}},"_links":{"self":[{"href":"https:\/\/juststickit.de\/index.php\/wp-json\/wp\/v2\/pages\/148","targetHints":{"allow":["GET"]}}],"collection":[{"href":"https:\/\/juststickit.de\/index.php\/wp-json\/wp\/v2\/pages"}],"about":[{"href":"https:\/\/juststickit.de\/index.php\/wp-json\/wp\/v2\/types\/page"}],"author":[{"embeddable":true,"href":"https:\/\/juststickit.de\/index.php\/wp-json\/wp\/v2\/users\/1"}],"replies":[{"embeddable":true,"href":"https:\/\/juststickit.de\/index.php\/wp-json\/wp\/v2\/comments?post=148"}],"version-history":[{"count":13,"href":"https:\/\/juststickit.de\/index.php\/wp-json\/wp\/v2\/pages\/148\/revisions"}],"predecessor-version":[{"id":26026,"href":"https:\/\/juststickit.de\/index.php\/wp-json\/wp\/v2\/pages\/148\/revisions\/26026"}],"wp:attachment":[{"href":"https:\/\/juststickit.de\/index.php\/wp-json\/wp\/v2\/media?parent=148"}],"curies":[{"name":"wp","href":"https:\/\/api.w.org\/{rel}","templated":true}]}}