{"id":2,"date":"2025-05-09T09:54:00","date_gmt":"2025-05-09T09:54:00","guid":{"rendered":"https:\/\/juststickit.de\/entwicklung\/?page_id=2"},"modified":"2026-03-04T13:46:22","modified_gmt":"2026-03-04T13:46:22","slug":"sample-page","status":"publish","type":"page","link":"https:\/\/juststickit.de\/","title":{"rendered":"Startseite"},"content":{"rendered":"\t\t<div data-elementor-type=\"wp-page\" data-elementor-id=\"2\" class=\"elementor elementor-2\" data-elementor-post-type=\"page\">\n\t\t\t\t<div class=\"elementor-element elementor-element-bba729a e-con-full e-flex e-con e-parent\" data-id=\"bba729a\" data-element_type=\"container\" data-e-type=\"container\">\n\t\t<div class=\"elementor-element elementor-element-052489b e-grid e-con-boxed e-con e-child\" data-id=\"052489b\" data-element_type=\"container\" data-e-type=\"container\" data-settings=\"{&quot;position&quot;:&quot;absolute&quot;}\">\n\t\t\t\t\t<div class=\"e-con-inner\">\n\t\t\t\t<div class=\"elementor-element elementor-element-89ade6a elementor-align-center elementor-widget elementor-widget-button\" data-id=\"89ade6a\" data-element_type=\"widget\" data-e-type=\"widget\" data-widget_type=\"button.default\">\n\t\t\t\t<div class=\"elementor-widget-container\">\n\t\t\t\t\t\t\t\t\t<div class=\"elementor-button-wrapper\">\n\t\t\t\t\t<a class=\"elementor-button elementor-button-link elementor-size-sm\" href=\"#about\">\n\t\t\t\t\t\t<span class=\"elementor-button-content-wrapper\">\n\t\t\t\t\t\t<span class=\"elementor-button-icon\">\n\t\t\t\t<svg aria-hidden=\"true\" class=\"e-font-icon-svg e-far-id-card\" viewBox=\"0 0 576 512\" xmlns=\"http:\/\/www.w3.org\/2000\/svg\"><path d=\"M528 32H48C21.5 32 0 53.5 0 80v352c0 26.5 21.5 48 48 48h480c26.5 0 48-21.5 48-48V80c0-26.5-21.5-48-48-48zm0 400H303.2c.9-4.5.8 3.6.8-22.4 0-31.8-30.1-57.6-67.2-57.6-10.8 0-18.7 8-44.8 8-26.9 0-33.4-8-44.8-8-37.1 0-67.2 25.8-67.2 57.6 0 26-.2 17.9.8 22.4H48V144h480v288zm-168-80h112c4.4 0 8-3.6 8-8v-16c0-4.4-3.6-8-8-8H360c-4.4 0-8 3.6-8 8v16c0 4.4 3.6 8 8 8zm0-64h112c4.4 0 8-3.6 8-8v-16c0-4.4-3.6-8-8-8H360c-4.4 0-8 3.6-8 8v16c0 4.4 3.6 8 8 8zm0-64h112c4.4 0 8-3.6 8-8v-16c0-4.4-3.6-8-8-8H360c-4.4 0-8 3.6-8 8v16c0 4.4 3.6 8 8 8zm-168 96c35.3 0 64-28.7 64-64s-28.7-64-64-64-64 28.7-64 64 28.7 64 64 64z\"><\/path><\/svg>\t\t\t<\/span>\n\t\t\t\t\t\t\t\t\t<span class=\"elementor-button-text\">\u00dcber Juststickit<\/span>\n\t\t\t\t\t<\/span>\n\t\t\t\t\t<\/a>\n\t\t\t\t<\/div>\n\t\t\t\t\t\t\t\t<\/div>\n\t\t\t\t<\/div>\n\t\t\t\t<div class=\"elementor-element elementor-element-1578f68 elementor-align-center elementor-widget elementor-widget-button\" data-id=\"1578f68\" data-element_type=\"widget\" data-e-type=\"widget\" data-widget_type=\"button.default\">\n\t\t\t\t<div class=\"elementor-widget-container\">\n\t\t\t\t\t\t\t\t\t<div class=\"elementor-button-wrapper\">\n\t\t\t\t\t<a class=\"elementor-button elementor-button-link elementor-size-sm\" href=\"https:\/\/juststickit.de\/index.php\/shop\/\">\n\t\t\t\t\t\t<span class=\"elementor-button-content-wrapper\">\n\t\t\t\t\t\t<span class=\"elementor-button-icon\">\n\t\t\t\t<svg aria-hidden=\"true\" class=\"e-font-icon-svg e-fas-shopping-cart\" viewBox=\"0 0 576 512\" xmlns=\"http:\/\/www.w3.org\/2000\/svg\"><path d=\"M528.12 301.319l47.273-208C578.806 78.301 567.391 64 551.99 64H159.208l-9.166-44.81C147.758 8.021 137.93 0 126.529 0H24C10.745 0 0 10.745 0 24v16c0 13.255 10.745 24 24 24h69.883l70.248 343.435C147.325 417.1 136 435.222 136 456c0 30.928 25.072 56 56 56s56-25.072 56-56c0-15.674-6.447-29.835-16.824-40h209.647C430.447 426.165 424 440.326 424 456c0 30.928 25.072 56 56 56s56-25.072 56-56c0-22.172-12.888-41.332-31.579-50.405l5.517-24.276c3.413-15.018-8.002-29.319-23.403-29.319H218.117l-6.545-32h293.145c11.206 0 20.92-7.754 23.403-18.681z\"><\/path><\/svg>\t\t\t<\/span>\n\t\t\t\t\t\t\t\t\t<span class=\"elementor-button-text\">SHOP<\/span>\n\t\t\t\t\t<\/span>\n\t\t\t\t\t<\/a>\n\t\t\t\t<\/div>\n\t\t\t\t\t\t\t\t<\/div>\n\t\t\t\t<\/div>\n\t\t\t\t\t<\/div>\n\t\t\t\t<\/div>\n\t\t\t\t<div class=\"elementor-element elementor-element-053055b elementor-widget elementor-widget-image\" data-id=\"053055b\" data-element_type=\"widget\" data-e-type=\"widget\" data-widget_type=\"image.default\">\n\t\t\t\t<div class=\"elementor-widget-container\">\n\t\t\t\t\t\t\t\t\t\t\t\t\t\t\t<img fetchpriority=\"high\" decoding=\"async\" width=\"2560\" height=\"1440\" src=\"https:\/\/juststickit.de\/wp-content\/uploads\/2025\/05\/header16to9.jpg\" class=\"attachment-full size-full wp-image-179\" alt=\"\" srcset=\"https:\/\/juststickit.de\/wp-content\/uploads\/2025\/05\/header16to9.jpg 2560w, https:\/\/juststickit.de\/wp-content\/uploads\/2025\/05\/header16to9-920x518.jpg 920w, https:\/\/juststickit.de\/wp-content\/uploads\/2025\/05\/header16to9-300x169.jpg 300w, https:\/\/juststickit.de\/wp-content\/uploads\/2025\/05\/header16to9-1024x576.jpg 1024w, https:\/\/juststickit.de\/wp-content\/uploads\/2025\/05\/header16to9-768x432.jpg 768w, https:\/\/juststickit.de\/wp-content\/uploads\/2025\/05\/header16to9-1536x864.jpg 1536w, https:\/\/juststickit.de\/wp-content\/uploads\/2025\/05\/header16to9-2048x1152.jpg 2048w\" sizes=\"(max-width: 2560px) 100vw, 2560px\" \/>\t\t\t\t\t\t\t\t\t\t\t\t\t\t\t<\/div>\n\t\t\t\t<\/div>\n\t\t\t\t<div class=\"elementor-element elementor-element-afe7e03 elementor-widget elementor-widget-spacer\" data-id=\"afe7e03\" data-element_type=\"widget\" data-e-type=\"widget\" data-widget_type=\"spacer.default\">\n\t\t\t\t<div class=\"elementor-widget-container\">\n\t\t\t\t\t\t\t<div class=\"elementor-spacer\">\n\t\t\t<div class=\"elementor-spacer-inner\"><\/div>\n\t\t<\/div>\n\t\t\t\t\t\t<\/div>\n\t\t\t\t<\/div>\n\t\t\t\t<\/div>\n\t\t<div class=\"elementor-element elementor-element-839d8df e-con-full e-flex e-con e-parent\" data-id=\"839d8df\" data-element_type=\"container\" data-e-type=\"container\">\n\t\t\t\t<div class=\"elementor-element elementor-element-e5f1e45 elementor-widget elementor-widget-menu-anchor\" data-id=\"e5f1e45\" data-element_type=\"widget\" data-e-type=\"widget\" data-widget_type=\"menu-anchor.default\">\n\t\t\t\t<div class=\"elementor-widget-container\">\n\t\t\t\t\t\t\t<div class=\"elementor-menu-anchor\" id=\"about\"><\/div>\n\t\t\t\t\t\t<\/div>\n\t\t\t\t<\/div>\n\t\t\t\t<div class=\"elementor-element elementor-element-7b46bc7 elementor-widget elementor-widget-spacer\" data-id=\"7b46bc7\" data-element_type=\"widget\" data-e-type=\"widget\" data-widget_type=\"spacer.default\">\n\t\t\t\t<div class=\"elementor-widget-container\">\n\t\t\t\t\t\t\t<div class=\"elementor-spacer\">\n\t\t\t<div class=\"elementor-spacer-inner\"><\/div>\n\t\t<\/div>\n\t\t\t\t\t\t<\/div>\n\t\t\t\t<\/div>\n\t\t\t\t<\/div>\n\t\t<div class=\"elementor-element elementor-element-6123b99 e-con-full e-flex e-con e-parent\" data-id=\"6123b99\" data-element_type=\"container\" data-e-type=\"container\">\n\t\t<div class=\"elementor-element elementor-element-721c63a e-con-full e-flex e-con e-child\" data-id=\"721c63a\" data-element_type=\"container\" data-e-type=\"container\">\n\t\t\t\t<div class=\"elementor-element elementor-element-3dbf03b elementor-widget__width-inherit elementor-widget elementor-widget-heading\" data-id=\"3dbf03b\" data-element_type=\"widget\" data-e-type=\"widget\" data-widget_type=\"heading.default\">\n\t\t\t\t<div class=\"elementor-widget-container\">\n\t\t\t\t\t<h2 class=\"elementor-heading-title elementor-size-default\">Juststickit!<\/h2>\t\t\t\t<\/div>\n\t\t\t\t<\/div>\n\t\t\t\t<div class=\"elementor-element elementor-element-22a7e0b elementor-widget elementor-widget-spacer\" data-id=\"22a7e0b\" data-element_type=\"widget\" data-e-type=\"widget\" data-widget_type=\"spacer.default\">\n\t\t\t\t<div class=\"elementor-widget-container\">\n\t\t\t\t\t\t\t<div class=\"elementor-spacer\">\n\t\t\t<div class=\"elementor-spacer-inner\"><\/div>\n\t\t<\/div>\n\t\t\t\t\t\t<\/div>\n\t\t\t\t<\/div>\n\t\t\t\t<div class=\"elementor-element elementor-element-3394110 elementor-widget elementor-widget-image\" data-id=\"3394110\" data-element_type=\"widget\" data-e-type=\"widget\" data-widget_type=\"image.default\">\n\t\t\t\t<div class=\"elementor-widget-container\">\n\t\t\t\t\t\t\t\t\t\t\t\t\t\t\t<img decoding=\"async\" width=\"768\" height=\"576\" src=\"https:\/\/juststickit.de\/wp-content\/uploads\/2025\/05\/IMG_0647-768x576.jpg\" class=\"attachment-medium_large size-medium_large wp-image-57\" alt=\"\" srcset=\"https:\/\/juststickit.de\/wp-content\/uploads\/2025\/05\/IMG_0647-768x576.jpg 768w, https:\/\/juststickit.de\/wp-content\/uploads\/2025\/05\/IMG_0647-scaled-920x690.jpg 920w, https:\/\/juststickit.de\/wp-content\/uploads\/2025\/05\/IMG_0647-300x225.jpg 300w, https:\/\/juststickit.de\/wp-content\/uploads\/2025\/05\/IMG_0647-1024x768.jpg 1024w, https:\/\/juststickit.de\/wp-content\/uploads\/2025\/05\/IMG_0647-1536x1152.jpg 1536w, https:\/\/juststickit.de\/wp-content\/uploads\/2025\/05\/IMG_0647-2048x1536.jpg 2048w\" sizes=\"(max-width: 768px) 100vw, 768px\" \/>\t\t\t\t\t\t\t\t\t\t\t\t\t\t\t<\/div>\n\t\t\t\t<\/div>\n\t\t\t\t<\/div>\n\t\t<div class=\"elementor-element elementor-element-01f9ad6 e-con-full e-flex e-con e-child\" data-id=\"01f9ad6\" data-element_type=\"container\" data-e-type=\"container\">\n\t\t\t\t<div class=\"elementor-element elementor-element-b0a7bbc elementor-widget elementor-widget-spacer\" data-id=\"b0a7bbc\" data-element_type=\"widget\" data-e-type=\"widget\" data-widget_type=\"spacer.default\">\n\t\t\t\t<div class=\"elementor-widget-container\">\n\t\t\t\t\t\t\t<div class=\"elementor-spacer\">\n\t\t\t<div class=\"elementor-spacer-inner\"><\/div>\n\t\t<\/div>\n\t\t\t\t\t\t<\/div>\n\t\t\t\t<\/div>\n\t\t\t\t<div class=\"elementor-element elementor-element-2719df9 elementor-widget elementor-widget-text-editor\" data-id=\"2719df9\" data-element_type=\"widget\" data-e-type=\"widget\" data-widget_type=\"text-editor.default\">\n\t\t\t\t<div class=\"elementor-widget-container\">\n\t\t\t\t\t\t\t\t\t<p><strong>Juststickit!<\/strong>\u00a0wurde 2009 von Alexander B\u00f6ker und Oliver Wurm gegr\u00fcndet. Das Hamburger Unternehmen produziert liebevoll kuratierte <strong>Original <a href=\"https:\/\/juststickit.de\/shop\">Panini-Sammelalben<\/a> f\u00fcr St\u00e4dte und Bundesl\u00e4nder<\/strong>. Die Geschichte einer Stadt\/eines Bundeslandes, die sch\u00f6nsten Bauwerke, die Stars aus Schauspiel, Sport und Kultur \u2013 alles in einem Album!<\/p><p>Mit <a href=\"https:\/\/juststickit.de\/produkt\/hamburg-sammelt-hamburg-1-auflage\/\">\u00bbHamburg sammelt Hamburg\u00ab<\/a> fing\u2019s im Oktober 2009 an. Inzwischen hat Juststickit Panini-Alben von Kiel bis M\u00fcnchen produziert \u2013 und Millionen Sammler von 8 bis 88 Jahren mit dem Sammelfieber angesteckt. Im Oktober 2011 gab es die erste bundesweite Ausgabe: <a href=\"https:\/\/juststickit.de\/produkt\/deutschland-sammelt-deutschland\/\">\u00bbDeutschland sammelt Deutschland\u00ab<\/a>! Oder kurz: <em>\u00bbTausche Helmut Schmidt und Helene Fischer gegen Franz Beckenbauer und den K\u00f6lner Dom.\u00ab<\/em><\/p><p>Mit gro\u00dfem Erfolg gestaltet und produziert Juststickit auch <strong>Sammelalben f\u00fcr Fu\u00dfball-Vereine<\/strong> (vom HSV bis zur Borussia Dortmund, vom VfB Stuttgart bis zum MSV Duisburg) und \u00fcber <strong>Webstars\/Influencer.<\/strong><\/p><p>Die <strong>Sammelalben und Sticker<\/strong> werden in der Regel \u00fcber das Zeitschriften-Grosso ausgeliefert. Das hei\u00dft:\u00a0 Sammelbildchen gibt es \u00fcberall dort, wo man sonst auch die ber\u00fchmten Panini-WM-Fu\u00dfballbildchen kaufen kann \u2013 an Kiosken, Tankstellen und in vielen Superm\u00e4rkten. Nat\u00fcrlich immer nur dort, wo eine unserer Sammelaktionen gerade aktuell ist.<\/p><p>Wer mag, kann Sticker und Alben auch direkt bei uns im\u00a0<strong><a href=\"https:\/\/juststickit.de\/index.php\/shop\/\">Panini-Shop<\/a><\/strong>\u00a0bestellen.<\/p><p>Gedruckt wird in Italien \u2013 bei <a href=\"http:\/\/collectibles.panini.de\/startseite.html\" target=\"_blank\" rel=\"noopener noreferrer\">Panini<\/a> in Modena, auf denselben Maschinen, auf denen sonst die Fu\u00dfballbildchen gedruckt werden. Darauf sind wir sehr stolz.<\/p>\t\t\t\t\t\t\t\t<\/div>\n\t\t\t\t<\/div>\n\t\t\t\t<\/div>\n\t\t\t\t<\/div>\n\t\t<div class=\"elementor-element elementor-element-1cb71d4 e-flex e-con-boxed e-con e-parent\" data-id=\"1cb71d4\" data-element_type=\"container\" data-e-type=\"container\">\n\t\t\t\t\t<div class=\"e-con-inner\">\n\t\t\t\t<div class=\"elementor-element elementor-element-3c88f4d elementor-widget elementor-widget-spacer\" data-id=\"3c88f4d\" data-element_type=\"widget\" data-e-type=\"widget\" data-widget_type=\"spacer.default\">\n\t\t\t\t<div class=\"elementor-widget-container\">\n\t\t\t\t\t\t\t<div class=\"elementor-spacer\">\n\t\t\t<div class=\"elementor-spacer-inner\"><\/div>\n\t\t<\/div>\n\t\t\t\t\t\t<\/div>\n\t\t\t\t<\/div>\n\t\t\t\t\t<\/div>\n\t\t\t\t<\/div>\n\t\t\t\t<\/div>\n\t\t","protected":false},"excerpt":{"rendered":"<p>\u00dcber Juststickit SHOP Juststickit! Juststickit!\u00a0wurde 2009 von Alexander B\u00f6ker und Oliver Wurm gegr\u00fcndet. Das Hamburger Unternehmen produziert liebevoll kuratierte Original Panini-Sammelalben f\u00fcr St\u00e4dte und Bundesl\u00e4nder. Die Geschichte einer Stadt\/eines Bundeslandes, die sch\u00f6nsten Bauwerke, die Stars aus Schauspiel, Sport und Kultur \u2013 alles in einem Album! Mit \u00bbHamburg sammelt Hamburg\u00ab fing\u2019s im Oktober 2009 an. Inzwischen [&hellip;]<\/p>\n","protected":false},"author":1,"featured_media":26119,"parent":0,"menu_order":0,"comment_status":"closed","ping_status":"closed","template":"","meta":{"footnotes":""},"class_list":["post-2","page","type-page","status-publish","has-post-thumbnail","hentry"],"yoast_head":"<!-- This site is optimized with the Yoast SEO plugin v27.4 - https:\/\/yoast.com\/product\/yoast-seo-wordpress\/ -->\n<title>Startseite - juststickit<\/title>\n<meta name=\"robots\" content=\"index, follow, max-snippet:-1, max-image-preview:large, max-video-preview:-1\" \/>\n<link rel=\"canonical\" href=\"https:\/\/juststickit.de\/\" \/>\n<meta property=\"og:locale\" content=\"de_DE\" \/>\n<meta property=\"og:type\" content=\"article\" \/>\n<meta property=\"og:title\" content=\"Startseite - juststickit\" \/>\n<meta property=\"og:description\" content=\"\u00dcber Juststickit SHOP Juststickit! Juststickit!\u00a0wurde 2009 von Alexander B\u00f6ker und Oliver Wurm gegr\u00fcndet. Das Hamburger Unternehmen produziert liebevoll kuratierte Original Panini-Sammelalben f\u00fcr St\u00e4dte und Bundesl\u00e4nder. Die Geschichte einer Stadt\/eines Bundeslandes, die sch\u00f6nsten Bauwerke, die Stars aus Schauspiel, Sport und Kultur \u2013 alles in einem Album! Mit \u00bbHamburg sammelt Hamburg\u00ab fing\u2019s im Oktober 2009 an. Inzwischen [&hellip;]\" \/>\n<meta property=\"og:url\" content=\"https:\/\/juststickit.de\/\" \/>\n<meta property=\"og:site_name\" content=\"juststickit\" \/>\n<meta property=\"article:publisher\" content=\"https:\/\/www.facebook.com\/Juststickit.Alben\" \/>\n<meta property=\"article:modified_time\" content=\"2026-03-04T13:46:22+00:00\" \/>\n<meta property=\"og:image\" content=\"https:\/\/juststickit.de\/wp-content\/uploads\/2025\/06\/IMG_6176-scaled.jpg\" \/>\n\t<meta property=\"og:image:width\" content=\"2560\" \/>\n\t<meta property=\"og:image:height\" content=\"1683\" \/>\n\t<meta property=\"og:image:type\" content=\"image\/jpeg\" \/>\n<meta name=\"twitter:card\" content=\"summary_large_image\" \/>\n<meta name=\"twitter:label1\" content=\"Gesch\u00e4tzte Lesezeit\" \/>\n\t<meta name=\"twitter:data1\" content=\"2\u00a0Minuten\" \/>\n<script type=\"application\/ld+json\" class=\"yoast-schema-graph\">{\"@context\":\"https:\\\/\\\/schema.org\",\"@graph\":[{\"@type\":\"WebPage\",\"@id\":\"https:\\\/\\\/juststickit.de\\\/\",\"url\":\"https:\\\/\\\/juststickit.de\\\/\",\"name\":\"Startseite - juststickit\",\"isPartOf\":{\"@id\":\"https:\\\/\\\/juststickit.de\\\/#website\"},\"primaryImageOfPage\":{\"@id\":\"https:\\\/\\\/juststickit.de\\\/#primaryimage\"},\"image\":{\"@id\":\"https:\\\/\\\/juststickit.de\\\/#primaryimage\"},\"thumbnailUrl\":\"https:\\\/\\\/juststickit.de\\\/wp-content\\\/uploads\\\/2025\\\/06\\\/IMG_6176-scaled.jpg\",\"datePublished\":\"2025-05-09T09:54:00+00:00\",\"dateModified\":\"2026-03-04T13:46:22+00:00\",\"breadcrumb\":{\"@id\":\"https:\\\/\\\/juststickit.de\\\/#breadcrumb\"},\"inLanguage\":\"de\",\"potentialAction\":[{\"@type\":\"ReadAction\",\"target\":[\"https:\\\/\\\/juststickit.de\\\/\"]}]},{\"@type\":\"ImageObject\",\"inLanguage\":\"de\",\"@id\":\"https:\\\/\\\/juststickit.de\\\/#primaryimage\",\"url\":\"https:\\\/\\\/juststickit.de\\\/wp-content\\\/uploads\\\/2025\\\/06\\\/IMG_6176-scaled.jpg\",\"contentUrl\":\"https:\\\/\\\/juststickit.de\\\/wp-content\\\/uploads\\\/2025\\\/06\\\/IMG_6176-scaled.jpg\",\"width\":2560,\"height\":1683},{\"@type\":\"BreadcrumbList\",\"@id\":\"https:\\\/\\\/juststickit.de\\\/#breadcrumb\",\"itemListElement\":[{\"@type\":\"ListItem\",\"position\":1,\"name\":\"Startseite\",\"item\":\"https:\\\/\\\/juststickit.de\\\/\"},{\"@type\":\"ListItem\",\"position\":2,\"name\":\"Startseite\"}]},{\"@type\":\"WebSite\",\"@id\":\"https:\\\/\\\/juststickit.de\\\/#website\",\"url\":\"https:\\\/\\\/juststickit.de\\\/\",\"name\":\"juststickit\",\"description\":\"\",\"publisher\":{\"@id\":\"https:\\\/\\\/juststickit.de\\\/#organization\"},\"potentialAction\":[{\"@type\":\"SearchAction\",\"target\":{\"@type\":\"EntryPoint\",\"urlTemplate\":\"https:\\\/\\\/juststickit.de\\\/?s={search_term_string}\"},\"query-input\":{\"@type\":\"PropertyValueSpecification\",\"valueRequired\":true,\"valueName\":\"search_term_string\"}}],\"inLanguage\":\"de\"},{\"@type\":\"Organization\",\"@id\":\"https:\\\/\\\/juststickit.de\\\/#organization\",\"name\":\"juststickit.de\",\"url\":\"https:\\\/\\\/juststickit.de\\\/\",\"logo\":{\"@type\":\"ImageObject\",\"inLanguage\":\"de\",\"@id\":\"https:\\\/\\\/juststickit.de\\\/#\\\/schema\\\/logo\\\/image\\\/\",\"url\":\"https:\\\/\\\/juststickit.de\\\/wp-content\\\/uploads\\\/2025\\\/05\\\/JSI_logo.jpg\",\"contentUrl\":\"https:\\\/\\\/juststickit.de\\\/wp-content\\\/uploads\\\/2025\\\/05\\\/JSI_logo.jpg\",\"width\":1009,\"height\":260,\"caption\":\"juststickit.de\"},\"image\":{\"@id\":\"https:\\\/\\\/juststickit.de\\\/#\\\/schema\\\/logo\\\/image\\\/\"},\"sameAs\":[\"https:\\\/\\\/www.facebook.com\\\/Juststickit.Alben\"]}]}<\/script>\n<!-- \/ Yoast SEO plugin. -->","yoast_head_json":{"title":"Startseite - juststickit","robots":{"index":"index","follow":"follow","max-snippet":"max-snippet:-1","max-image-preview":"max-image-preview:large","max-video-preview":"max-video-preview:-1"},"canonical":"https:\/\/juststickit.de\/","og_locale":"de_DE","og_type":"article","og_title":"Startseite - juststickit","og_description":"\u00dcber Juststickit SHOP Juststickit! Juststickit!\u00a0wurde 2009 von Alexander B\u00f6ker und Oliver Wurm gegr\u00fcndet. Das Hamburger Unternehmen produziert liebevoll kuratierte Original Panini-Sammelalben f\u00fcr St\u00e4dte und Bundesl\u00e4nder. Die Geschichte einer Stadt\/eines Bundeslandes, die sch\u00f6nsten Bauwerke, die Stars aus Schauspiel, Sport und Kultur \u2013 alles in einem Album! Mit \u00bbHamburg sammelt Hamburg\u00ab fing\u2019s im Oktober 2009 an. Inzwischen [&hellip;]","og_url":"https:\/\/juststickit.de\/","og_site_name":"juststickit","article_publisher":"https:\/\/www.facebook.com\/Juststickit.Alben","article_modified_time":"2026-03-04T13:46:22+00:00","og_image":[{"width":2560,"height":1683,"url":"https:\/\/juststickit.de\/wp-content\/uploads\/2025\/06\/IMG_6176-scaled.jpg","type":"image\/jpeg"}],"twitter_card":"summary_large_image","twitter_misc":{"Gesch\u00e4tzte Lesezeit":"2\u00a0Minuten"},"schema":{"@context":"https:\/\/schema.org","@graph":[{"@type":"WebPage","@id":"https:\/\/juststickit.de\/","url":"https:\/\/juststickit.de\/","name":"Startseite - juststickit","isPartOf":{"@id":"https:\/\/juststickit.de\/#website"},"primaryImageOfPage":{"@id":"https:\/\/juststickit.de\/#primaryimage"},"image":{"@id":"https:\/\/juststickit.de\/#primaryimage"},"thumbnailUrl":"https:\/\/juststickit.de\/wp-content\/uploads\/2025\/06\/IMG_6176-scaled.jpg","datePublished":"2025-05-09T09:54:00+00:00","dateModified":"2026-03-04T13:46:22+00:00","breadcrumb":{"@id":"https:\/\/juststickit.de\/#breadcrumb"},"inLanguage":"de","potentialAction":[{"@type":"ReadAction","target":["https:\/\/juststickit.de\/"]}]},{"@type":"ImageObject","inLanguage":"de","@id":"https:\/\/juststickit.de\/#primaryimage","url":"https:\/\/juststickit.de\/wp-content\/uploads\/2025\/06\/IMG_6176-scaled.jpg","contentUrl":"https:\/\/juststickit.de\/wp-content\/uploads\/2025\/06\/IMG_6176-scaled.jpg","width":2560,"height":1683},{"@type":"BreadcrumbList","@id":"https:\/\/juststickit.de\/#breadcrumb","itemListElement":[{"@type":"ListItem","position":1,"name":"Startseite","item":"https:\/\/juststickit.de\/"},{"@type":"ListItem","position":2,"name":"Startseite"}]},{"@type":"WebSite","@id":"https:\/\/juststickit.de\/#website","url":"https:\/\/juststickit.de\/","name":"juststickit","description":"","publisher":{"@id":"https:\/\/juststickit.de\/#organization"},"potentialAction":[{"@type":"SearchAction","target":{"@type":"EntryPoint","urlTemplate":"https:\/\/juststickit.de\/?s={search_term_string}"},"query-input":{"@type":"PropertyValueSpecification","valueRequired":true,"valueName":"search_term_string"}}],"inLanguage":"de"},{"@type":"Organization","@id":"https:\/\/juststickit.de\/#organization","name":"juststickit.de","url":"https:\/\/juststickit.de\/","logo":{"@type":"ImageObject","inLanguage":"de","@id":"https:\/\/juststickit.de\/#\/schema\/logo\/image\/","url":"https:\/\/juststickit.de\/wp-content\/uploads\/2025\/05\/JSI_logo.jpg","contentUrl":"https:\/\/juststickit.de\/wp-content\/uploads\/2025\/05\/JSI_logo.jpg","width":1009,"height":260,"caption":"juststickit.de"},"image":{"@id":"https:\/\/juststickit.de\/#\/schema\/logo\/image\/"},"sameAs":["https:\/\/www.facebook.com\/Juststickit.Alben"]}]}},"_links":{"self":[{"href":"https:\/\/juststickit.de\/index.php\/wp-json\/wp\/v2\/pages\/2","targetHints":{"allow":["GET"]}}],"collection":[{"href":"https:\/\/juststickit.de\/index.php\/wp-json\/wp\/v2\/pages"}],"about":[{"href":"https:\/\/juststickit.de\/index.php\/wp-json\/wp\/v2\/types\/page"}],"author":[{"embeddable":true,"href":"https:\/\/juststickit.de\/index.php\/wp-json\/wp\/v2\/users\/1"}],"replies":[{"embeddable":true,"href":"https:\/\/juststickit.de\/index.php\/wp-json\/wp\/v2\/comments?post=2"}],"version-history":[{"count":166,"href":"https:\/\/juststickit.de\/index.php\/wp-json\/wp\/v2\/pages\/2\/revisions"}],"predecessor-version":[{"id":28075,"href":"https:\/\/juststickit.de\/index.php\/wp-json\/wp\/v2\/pages\/2\/revisions\/28075"}],"wp:featuredmedia":[{"embeddable":true,"href":"https:\/\/juststickit.de\/index.php\/wp-json\/wp\/v2\/media\/26119"}],"wp:attachment":[{"href":"https:\/\/juststickit.de\/index.php\/wp-json\/wp\/v2\/media?parent=2"}],"curies":[{"name":"wp","href":"https:\/\/api.w.org\/{rel}","templated":true}]}}