{"id":97,"date":"2025-05-09T12:52:09","date_gmt":"2025-05-09T12:52:09","guid":{"rendered":"https:\/\/juststickit.de\/entwicklung\/?page_id=97"},"modified":"2026-03-04T13:44:07","modified_gmt":"2026-03-04T13:44:07","slug":"versandarten","status":"publish","type":"page","link":"https:\/\/juststickit.de\/index.php\/versandarten\/","title":{"rendered":"Versandarten"},"content":{"rendered":"\t\t<div data-elementor-type=\"wp-page\" data-elementor-id=\"97\" class=\"elementor elementor-97\" data-elementor-post-type=\"page\">\n\t\t\t\t<div class=\"elementor-element elementor-element-fe82660 e-flex e-con-boxed e-con e-parent\" data-id=\"fe82660\" data-element_type=\"container\" data-e-type=\"container\">\n\t\t\t\t\t<div class=\"e-con-inner\">\n\t\t\t\t<div class=\"elementor-element elementor-element-50cff76 elementor-widget elementor-widget-heading\" data-id=\"50cff76\" data-element_type=\"widget\" data-e-type=\"widget\" data-widget_type=\"heading.default\">\n\t\t\t\t<div class=\"elementor-widget-container\">\n\t\t\t\t\t<h2 class=\"elementor-heading-title elementor-size-default\">Versandarten<\/h2>\t\t\t\t<\/div>\n\t\t\t\t<\/div>\n\t\t\t\t<div class=\"elementor-element elementor-element-49c462a elementor-widget elementor-widget-spacer\" data-id=\"49c462a\" data-element_type=\"widget\" data-e-type=\"widget\" data-widget_type=\"spacer.default\">\n\t\t\t\t<div class=\"elementor-widget-container\">\n\t\t\t\t\t\t\t<div class=\"elementor-spacer\">\n\t\t\t<div class=\"elementor-spacer-inner\"><\/div>\n\t\t<\/div>\n\t\t\t\t\t\t<\/div>\n\t\t\t\t<\/div>\n\t\t\t\t\t<\/div>\n\t\t\t\t<\/div>\n\t\t<div class=\"elementor-element elementor-element-740d86f e-flex e-con-boxed e-con e-parent\" data-id=\"740d86f\" data-element_type=\"container\" data-e-type=\"container\">\n\t\t\t\t\t<div class=\"e-con-inner\">\n\t\t\t\t<div class=\"elementor-element elementor-element-2a3c725 elementor-widget elementor-widget-text-editor\" data-id=\"2a3c725\" data-element_type=\"widget\" data-e-type=\"widget\" data-widget_type=\"text-editor.default\">\n\t\t\t\t<div class=\"elementor-widget-container\">\n\t\t\t\t\t\t\t\t\t<h3 class=\"col default first-section ui-helper-clearfix\">Versand innerhalb Deutschlands<\/h3><div class=\"col default first-section ui-helper-clearfix\"><p><strong>Standardversand<\/strong><\/p><p>Bis zu einem Warenwert von 19,99\u20ac\u00a0berechnen wir pro Bestellung\u00a0per\u00a0Standardversand \u20ac 4,90. <strong>Ab einem Warenwert von 20,00\u20ac versenden wir innerhalb Deutschlands kostenfrei.<\/strong><\/p><p>Den Standardversand \u00fcbernimmt ein von uns beauftragter Dienstleister (DHL).<\/p><p>Ihre gew\u00fcnschte Lieferadresse kann z. B. Ihre Wohnung oder Ihr Arbeitsplatz sein.<\/p><p>Bitte beachten Sie, dass die Lieferzeit u.a. von Feiertagen und Ihrem\u00a0Zahlungseingang abh\u00e4ngt. Die Lieferung\u00a0bei sofortigem Zahlungseingang (PayPal, Sofort\u00fcberweisung, Kreditkarte) erfolgt nach 2 bis 4 Werktagen <em>(ausgenommen sind Einzelbild-Bestellungen, die l\u00e4nger dauern\u00a0k\u00f6nnen!)<\/em><\/p><\/div><p>Achtung: Einzelbilder versenden wir mitunter in Briefumschl\u00e4gen. Die Porto-Pauschale von 4,90 Euro umfasst hier auch den Service des Vorab-Sortierens, Heraussuchens etc.. Wir arbeiten hier nicht kostendeckend, m\u00f6chten den Service dennoch gern anbieten.<\/p>\t\t\t\t\t\t\t\t<\/div>\n\t\t\t\t<\/div>\n\t\t\t\t<div class=\"elementor-element elementor-element-b26a8b4 elementor-widget elementor-widget-spacer\" data-id=\"b26a8b4\" data-element_type=\"widget\" data-e-type=\"widget\" data-widget_type=\"spacer.default\">\n\t\t\t\t<div class=\"elementor-widget-container\">\n\t\t\t\t\t\t\t<div class=\"elementor-spacer\">\n\t\t\t<div class=\"elementor-spacer-inner\"><\/div>\n\t\t<\/div>\n\t\t\t\t\t\t<\/div>\n\t\t\t\t<\/div>\n\t\t\t\t<div class=\"elementor-element elementor-element-8c20381 elementor-widget elementor-widget-text-editor\" data-id=\"8c20381\" data-element_type=\"widget\" data-e-type=\"widget\" data-widget_type=\"text-editor.default\">\n\t\t\t\t<div class=\"elementor-widget-container\">\n\t\t\t\t\t\t\t\t\t<p>\u00a0<\/p><h3>Versand nach \u00d6sterreich, Schweiz, Belgien, D\u00e4nemark, Frankreich, Niederlande, Luxemburg, Polen, Tschechien, Vereinigtes K\u00f6nigreich Gro\u00dfbritannien<\/h3><div class=\"col default ui-helper-clearfix\"><p><strong>Standardversand<\/strong><\/p><p>Die Versandkosten pro Bestellung in die zuvor genannten EU-L\u00e4nder betragen unfassbare 16 Euro. Daher bieten wir den Auslandsversand nicht an. Sorry. Wir finden das auch \u00fcberteuert. Wenn Ihr Wunsch so gro\u00df ist, dass Sie bereit sind, dieses exorbitante Porto zu tragen, schreiben Sie uns eine Mail.\u00a0<\/p><\/div><div class=\"col default\">\u00a0<\/div>\t\t\t\t\t\t\t\t<\/div>\n\t\t\t\t<\/div>\n\t\t\t\t\t<\/div>\n\t\t\t\t<\/div>\n\t\t<div class=\"elementor-element elementor-element-530ef84 e-flex e-con-boxed e-con e-parent\" data-id=\"530ef84\" data-element_type=\"container\" data-e-type=\"container\">\n\t\t\t\t\t<div class=\"e-con-inner\">\n\t\t\t\t<div class=\"elementor-element elementor-element-ee3cdbf elementor-widget elementor-widget-spacer\" data-id=\"ee3cdbf\" data-element_type=\"widget\" data-e-type=\"widget\" data-widget_type=\"spacer.default\">\n\t\t\t\t<div class=\"elementor-widget-container\">\n\t\t\t\t\t\t\t<div class=\"elementor-spacer\">\n\t\t\t<div class=\"elementor-spacer-inner\"><\/div>\n\t\t<\/div>\n\t\t\t\t\t\t<\/div>\n\t\t\t\t<\/div>\n\t\t\t\t\t<\/div>\n\t\t\t\t<\/div>\n\t\t\t\t<\/div>\n\t\t","protected":false},"excerpt":{"rendered":"<p>Versandarten Versand innerhalb Deutschlands Standardversand Bis zu einem Warenwert von 19,99\u20ac\u00a0berechnen wir pro Bestellung\u00a0per\u00a0Standardversand \u20ac 4,90. Ab einem Warenwert von 20,00\u20ac versenden wir innerhalb Deutschlands kostenfrei. Den Standardversand \u00fcbernimmt ein von uns beauftragter Dienstleister (DHL). Ihre gew\u00fcnschte Lieferadresse kann z. B. Ihre Wohnung oder Ihr Arbeitsplatz sein. Bitte beachten Sie, dass die Lieferzeit u.a. von [&hellip;]<\/p>\n","protected":false},"author":1,"featured_media":0,"parent":0,"menu_order":0,"comment_status":"closed","ping_status":"closed","template":"","meta":{"footnotes":""},"class_list":["post-97","page","type-page","status-publish","hentry"],"yoast_head":"<!-- This site is optimized with the Yoast SEO plugin v27.4 - https:\/\/yoast.com\/product\/yoast-seo-wordpress\/ -->\n<title>Versandarten - juststickit<\/title>\n<meta name=\"robots\" content=\"index, follow, max-snippet:-1, max-image-preview:large, max-video-preview:-1\" \/>\n<link rel=\"canonical\" href=\"https:\/\/juststickit.de\/index.php\/versandarten\/\" \/>\n<meta property=\"og:locale\" content=\"de_DE\" \/>\n<meta property=\"og:type\" content=\"article\" \/>\n<meta property=\"og:title\" content=\"Versandarten - juststickit\" \/>\n<meta property=\"og:description\" content=\"Versandarten Versand innerhalb Deutschlands Standardversand Bis zu einem Warenwert von 19,99\u20ac\u00a0berechnen wir pro Bestellung\u00a0per\u00a0Standardversand \u20ac 4,90. Ab einem Warenwert von 20,00\u20ac versenden wir innerhalb Deutschlands kostenfrei. Den Standardversand \u00fcbernimmt ein von uns beauftragter Dienstleister (DHL). Ihre gew\u00fcnschte Lieferadresse kann z. B. Ihre Wohnung oder Ihr Arbeitsplatz sein. Bitte beachten Sie, dass die Lieferzeit u.a. von [&hellip;]\" \/>\n<meta property=\"og:url\" content=\"https:\/\/juststickit.de\/index.php\/versandarten\/\" \/>\n<meta property=\"og:site_name\" content=\"juststickit\" \/>\n<meta property=\"article:publisher\" content=\"https:\/\/www.facebook.com\/Juststickit.Alben\" \/>\n<meta property=\"article:modified_time\" content=\"2026-03-04T13:44:07+00:00\" \/>\n<meta name=\"twitter:card\" content=\"summary_large_image\" \/>\n<meta name=\"twitter:label1\" content=\"Gesch\u00e4tzte Lesezeit\" \/>\n\t<meta name=\"twitter:data1\" content=\"1\u00a0Minute\" \/>\n<script type=\"application\/ld+json\" class=\"yoast-schema-graph\">{\"@context\":\"https:\\\/\\\/schema.org\",\"@graph\":[{\"@type\":\"WebPage\",\"@id\":\"https:\\\/\\\/juststickit.de\\\/index.php\\\/versandarten\\\/\",\"url\":\"https:\\\/\\\/juststickit.de\\\/index.php\\\/versandarten\\\/\",\"name\":\"Versandarten - juststickit\",\"isPartOf\":{\"@id\":\"https:\\\/\\\/juststickit.de\\\/#website\"},\"datePublished\":\"2025-05-09T12:52:09+00:00\",\"dateModified\":\"2026-03-04T13:44:07+00:00\",\"breadcrumb\":{\"@id\":\"https:\\\/\\\/juststickit.de\\\/index.php\\\/versandarten\\\/#breadcrumb\"},\"inLanguage\":\"de\",\"potentialAction\":[{\"@type\":\"ReadAction\",\"target\":[\"https:\\\/\\\/juststickit.de\\\/index.php\\\/versandarten\\\/\"]}]},{\"@type\":\"BreadcrumbList\",\"@id\":\"https:\\\/\\\/juststickit.de\\\/index.php\\\/versandarten\\\/#breadcrumb\",\"itemListElement\":[{\"@type\":\"ListItem\",\"position\":1,\"name\":\"Startseite\",\"item\":\"https:\\\/\\\/juststickit.de\\\/\"},{\"@type\":\"ListItem\",\"position\":2,\"name\":\"Versandarten\"}]},{\"@type\":\"WebSite\",\"@id\":\"https:\\\/\\\/juststickit.de\\\/#website\",\"url\":\"https:\\\/\\\/juststickit.de\\\/\",\"name\":\"juststickit\",\"description\":\"\",\"publisher\":{\"@id\":\"https:\\\/\\\/juststickit.de\\\/#organization\"},\"potentialAction\":[{\"@type\":\"SearchAction\",\"target\":{\"@type\":\"EntryPoint\",\"urlTemplate\":\"https:\\\/\\\/juststickit.de\\\/?s={search_term_string}\"},\"query-input\":{\"@type\":\"PropertyValueSpecification\",\"valueRequired\":true,\"valueName\":\"search_term_string\"}}],\"inLanguage\":\"de\"},{\"@type\":\"Organization\",\"@id\":\"https:\\\/\\\/juststickit.de\\\/#organization\",\"name\":\"juststickit.de\",\"url\":\"https:\\\/\\\/juststickit.de\\\/\",\"logo\":{\"@type\":\"ImageObject\",\"inLanguage\":\"de\",\"@id\":\"https:\\\/\\\/juststickit.de\\\/#\\\/schema\\\/logo\\\/image\\\/\",\"url\":\"https:\\\/\\\/juststickit.de\\\/wp-content\\\/uploads\\\/2025\\\/05\\\/JSI_logo.jpg\",\"contentUrl\":\"https:\\\/\\\/juststickit.de\\\/wp-content\\\/uploads\\\/2025\\\/05\\\/JSI_logo.jpg\",\"width\":1009,\"height\":260,\"caption\":\"juststickit.de\"},\"image\":{\"@id\":\"https:\\\/\\\/juststickit.de\\\/#\\\/schema\\\/logo\\\/image\\\/\"},\"sameAs\":[\"https:\\\/\\\/www.facebook.com\\\/Juststickit.Alben\"]}]}<\/script>\n<!-- \/ Yoast SEO plugin. -->","yoast_head_json":{"title":"Versandarten - juststickit","robots":{"index":"index","follow":"follow","max-snippet":"max-snippet:-1","max-image-preview":"max-image-preview:large","max-video-preview":"max-video-preview:-1"},"canonical":"https:\/\/juststickit.de\/index.php\/versandarten\/","og_locale":"de_DE","og_type":"article","og_title":"Versandarten - juststickit","og_description":"Versandarten Versand innerhalb Deutschlands Standardversand Bis zu einem Warenwert von 19,99\u20ac\u00a0berechnen wir pro Bestellung\u00a0per\u00a0Standardversand \u20ac 4,90. Ab einem Warenwert von 20,00\u20ac versenden wir innerhalb Deutschlands kostenfrei. Den Standardversand \u00fcbernimmt ein von uns beauftragter Dienstleister (DHL). Ihre gew\u00fcnschte Lieferadresse kann z. B. Ihre Wohnung oder Ihr Arbeitsplatz sein. Bitte beachten Sie, dass die Lieferzeit u.a. von [&hellip;]","og_url":"https:\/\/juststickit.de\/index.php\/versandarten\/","og_site_name":"juststickit","article_publisher":"https:\/\/www.facebook.com\/Juststickit.Alben","article_modified_time":"2026-03-04T13:44:07+00:00","twitter_card":"summary_large_image","twitter_misc":{"Gesch\u00e4tzte Lesezeit":"1\u00a0Minute"},"schema":{"@context":"https:\/\/schema.org","@graph":[{"@type":"WebPage","@id":"https:\/\/juststickit.de\/index.php\/versandarten\/","url":"https:\/\/juststickit.de\/index.php\/versandarten\/","name":"Versandarten - juststickit","isPartOf":{"@id":"https:\/\/juststickit.de\/#website"},"datePublished":"2025-05-09T12:52:09+00:00","dateModified":"2026-03-04T13:44:07+00:00","breadcrumb":{"@id":"https:\/\/juststickit.de\/index.php\/versandarten\/#breadcrumb"},"inLanguage":"de","potentialAction":[{"@type":"ReadAction","target":["https:\/\/juststickit.de\/index.php\/versandarten\/"]}]},{"@type":"BreadcrumbList","@id":"https:\/\/juststickit.de\/index.php\/versandarten\/#breadcrumb","itemListElement":[{"@type":"ListItem","position":1,"name":"Startseite","item":"https:\/\/juststickit.de\/"},{"@type":"ListItem","position":2,"name":"Versandarten"}]},{"@type":"WebSite","@id":"https:\/\/juststickit.de\/#website","url":"https:\/\/juststickit.de\/","name":"juststickit","description":"","publisher":{"@id":"https:\/\/juststickit.de\/#organization"},"potentialAction":[{"@type":"SearchAction","target":{"@type":"EntryPoint","urlTemplate":"https:\/\/juststickit.de\/?s={search_term_string}"},"query-input":{"@type":"PropertyValueSpecification","valueRequired":true,"valueName":"search_term_string"}}],"inLanguage":"de"},{"@type":"Organization","@id":"https:\/\/juststickit.de\/#organization","name":"juststickit.de","url":"https:\/\/juststickit.de\/","logo":{"@type":"ImageObject","inLanguage":"de","@id":"https:\/\/juststickit.de\/#\/schema\/logo\/image\/","url":"https:\/\/juststickit.de\/wp-content\/uploads\/2025\/05\/JSI_logo.jpg","contentUrl":"https:\/\/juststickit.de\/wp-content\/uploads\/2025\/05\/JSI_logo.jpg","width":1009,"height":260,"caption":"juststickit.de"},"image":{"@id":"https:\/\/juststickit.de\/#\/schema\/logo\/image\/"},"sameAs":["https:\/\/www.facebook.com\/Juststickit.Alben"]}]}},"_links":{"self":[{"href":"https:\/\/juststickit.de\/index.php\/wp-json\/wp\/v2\/pages\/97","targetHints":{"allow":["GET"]}}],"collection":[{"href":"https:\/\/juststickit.de\/index.php\/wp-json\/wp\/v2\/pages"}],"about":[{"href":"https:\/\/juststickit.de\/index.php\/wp-json\/wp\/v2\/types\/page"}],"author":[{"embeddable":true,"href":"https:\/\/juststickit.de\/index.php\/wp-json\/wp\/v2\/users\/1"}],"replies":[{"embeddable":true,"href":"https:\/\/juststickit.de\/index.php\/wp-json\/wp\/v2\/comments?post=97"}],"version-history":[{"count":19,"href":"https:\/\/juststickit.de\/index.php\/wp-json\/wp\/v2\/pages\/97\/revisions"}],"predecessor-version":[{"id":28072,"href":"https:\/\/juststickit.de\/index.php\/wp-json\/wp\/v2\/pages\/97\/revisions\/28072"}],"wp:attachment":[{"href":"https:\/\/juststickit.de\/index.php\/wp-json\/wp\/v2\/media?parent=97"}],"curies":[{"name":"wp","href":"https:\/\/api.w.org\/{rel}","templated":true}]}}