{"id":25859,"date":"2025-05-16T13:07:15","date_gmt":"2025-05-16T13:07:15","guid":{"rendered":"https:\/\/juststickit.de\/entwicklung\/?post_type=product&#038;p=25859"},"modified":"2026-04-28T18:56:48","modified_gmt":"2026-04-28T18:56:48","slug":"1-fc-nuernberg","status":"publish","type":"product","link":"https:\/\/juststickit.de\/index.php\/produkt\/1-fc-nuernberg\/","title":{"rendered":"125 Jahre 1. FC N\u00fcrnberg"},"content":{"rendered":"<p>Tausche Max Morlock und Marek Mint\u00e1l gegen Thomas Brunner und Stefanos Tzimas. Suche das 125-Jahre-Jubil\u00e4ums-Logo, biete Rhinola und die Meister von 1920.\u201c Das erste Panini-Sammelalbum exklusiv f\u00fcr den Club ist da! 52 Albumseiten mit Platz f\u00fcr 284 Panini-Sticker zeigen den Verein mit all seinen Facetten: von der Gr\u00fcndung \u00fcber Titel &amp; Triumphe, legend\u00e4re Spiele &amp; Spieler bis hin zu tollen Fan-Aktionen. Liebevolle Texte erkl\u00e4ren jedes Bild und machen das Album zu einem echten Nachschlagewerk. Ein Sammelspa\u00df f\u00fcr die ganze Club-Familie! Eine echte Klebe-Chronik zum 125. Geburtstag und ein gro\u00dfer Sammelspa\u00df.<\/p>\n","protected":false},"excerpt":{"rendered":"<p>Die komplette Kollektion ist auf FSC-zertifiziertem Papier aus nachhaltiger Forstwirtschaft gedruckt und komplett recycelbar, bis hin zur Tr\u00e4gerfolie der Sticker! Gedruckt wurde in Italien, auf den original Panini-Maschinen.<\/p>\n","protected":false},"featured_media":25840,"comment_status":"open","ping_status":"closed","template":"","meta":[],"product_brand":[],"product_cat":[19,27],"product_tag":[92,93],"class_list":{"0":"post-25859","1":"product","2":"type-product","3":"status-publish","4":"has-post-thumbnail","6":"product_cat-fussball-alben","7":"product_cat-panini-serien","8":"product_tag-125-jahre-1-fc-nuernberg","9":"product_tag-clubalbum","10":"tm-has-styled-variations","11":"tm-has-options","13":"first","14":"instock","15":"taxable","16":"shipping-taxable","17":"purchasable","18":"product-type-variable"},"yoast_head":"<!-- This site is optimized with the Yoast SEO plugin v27.4 - https:\/\/yoast.com\/product\/yoast-seo-wordpress\/ -->\n<title>125 Jahre 1. FC N\u00fcrnberg - juststickit<\/title>\n<meta name=\"description\" content=\"125 Jahre 1. FC N\u00fcrnberg. Das Clubalbum! Die Geschichte des Clubs auf 284 original Panini-Stickern.\" \/>\n<meta name=\"robots\" content=\"index, follow, max-snippet:-1, max-image-preview:large, max-video-preview:-1\" \/>\n<link rel=\"canonical\" href=\"https:\/\/juststickit.de\/index.php\/produkt\/1-fc-nuernberg\/\" \/>\n<meta property=\"og:locale\" content=\"de_DE\" \/>\n<meta property=\"og:type\" content=\"article\" \/>\n<meta property=\"og:title\" content=\"125 Jahre 1. FC N\u00fcrnberg - juststickit\" \/>\n<meta property=\"og:description\" content=\"125 Jahre 1. FC N\u00fcrnberg. Das Clubalbum! Die Geschichte des Clubs auf 284 original Panini-Stickern.\" \/>\n<meta property=\"og:url\" content=\"https:\/\/juststickit.de\/index.php\/produkt\/1-fc-nuernberg\/\" \/>\n<meta property=\"og:site_name\" content=\"juststickit\" \/>\n<meta property=\"article:publisher\" content=\"https:\/\/www.facebook.com\/Juststickit.Alben\" \/>\n<meta property=\"article:modified_time\" content=\"2026-04-28T18:56:48+00:00\" \/>\n<meta property=\"og:image\" content=\"https:\/\/juststickit.de\/wp-content\/uploads\/2025\/05\/box_webshop-scaled-3.jpg\" \/>\n\t<meta property=\"og:image:width\" content=\"2560\" \/>\n\t<meta property=\"og:image:height\" content=\"2560\" \/>\n\t<meta property=\"og:image:type\" content=\"image\/jpeg\" \/>\n<meta name=\"twitter:card\" content=\"summary_large_image\" \/>\n<meta name=\"twitter:label1\" content=\"Gesch\u00e4tzte Lesezeit\" \/>\n\t<meta name=\"twitter:data1\" content=\"1\u00a0Minute\" \/>\n<script type=\"application\/ld+json\" class=\"yoast-schema-graph\">{\"@context\":\"https:\\\/\\\/schema.org\",\"@graph\":[{\"@type\":\"WebPage\",\"@id\":\"https:\\\/\\\/juststickit.de\\\/index.php\\\/produkt\\\/1-fc-nuernberg\\\/\",\"url\":\"https:\\\/\\\/juststickit.de\\\/index.php\\\/produkt\\\/1-fc-nuernberg\\\/\",\"name\":\"125 Jahre 1. FC N\u00fcrnberg - juststickit\",\"isPartOf\":{\"@id\":\"https:\\\/\\\/juststickit.de\\\/#website\"},\"primaryImageOfPage\":{\"@id\":\"https:\\\/\\\/juststickit.de\\\/index.php\\\/produkt\\\/1-fc-nuernberg\\\/#primaryimage\"},\"image\":{\"@id\":\"https:\\\/\\\/juststickit.de\\\/index.php\\\/produkt\\\/1-fc-nuernberg\\\/#primaryimage\"},\"thumbnailUrl\":\"https:\\\/\\\/juststickit.de\\\/wp-content\\\/uploads\\\/2025\\\/05\\\/box_webshop-scaled-3.jpg\",\"datePublished\":\"2025-05-16T13:07:15+00:00\",\"dateModified\":\"2026-04-28T18:56:48+00:00\",\"description\":\"125 Jahre 1. FC N\u00fcrnberg. Das Clubalbum! Die Geschichte des Clubs auf 284 original Panini-Stickern.\",\"breadcrumb\":{\"@id\":\"https:\\\/\\\/juststickit.de\\\/index.php\\\/produkt\\\/1-fc-nuernberg\\\/#breadcrumb\"},\"inLanguage\":\"de\",\"potentialAction\":[{\"@type\":\"ReadAction\",\"target\":[\"https:\\\/\\\/juststickit.de\\\/index.php\\\/produkt\\\/1-fc-nuernberg\\\/\"]}]},{\"@type\":\"ImageObject\",\"inLanguage\":\"de\",\"@id\":\"https:\\\/\\\/juststickit.de\\\/index.php\\\/produkt\\\/1-fc-nuernberg\\\/#primaryimage\",\"url\":\"https:\\\/\\\/juststickit.de\\\/wp-content\\\/uploads\\\/2025\\\/05\\\/box_webshop-scaled-3.jpg\",\"contentUrl\":\"https:\\\/\\\/juststickit.de\\\/wp-content\\\/uploads\\\/2025\\\/05\\\/box_webshop-scaled-3.jpg\",\"width\":2560,\"height\":2560},{\"@type\":\"BreadcrumbList\",\"@id\":\"https:\\\/\\\/juststickit.de\\\/index.php\\\/produkt\\\/1-fc-nuernberg\\\/#breadcrumb\",\"itemListElement\":[{\"@type\":\"ListItem\",\"position\":1,\"name\":\"Startseite\",\"item\":\"https:\\\/\\\/juststickit.de\\\/\"},{\"@type\":\"ListItem\",\"position\":2,\"name\":\"Shop\",\"item\":\"https:\\\/\\\/juststickit.de\\\/index.php\\\/shop\\\/\"},{\"@type\":\"ListItem\",\"position\":3,\"name\":\"125 Jahre 1. FC N\u00fcrnberg\"}]},{\"@type\":\"WebSite\",\"@id\":\"https:\\\/\\\/juststickit.de\\\/#website\",\"url\":\"https:\\\/\\\/juststickit.de\\\/\",\"name\":\"juststickit\",\"description\":\"\",\"publisher\":{\"@id\":\"https:\\\/\\\/juststickit.de\\\/#organization\"},\"potentialAction\":[{\"@type\":\"SearchAction\",\"target\":{\"@type\":\"EntryPoint\",\"urlTemplate\":\"https:\\\/\\\/juststickit.de\\\/?s={search_term_string}\"},\"query-input\":{\"@type\":\"PropertyValueSpecification\",\"valueRequired\":true,\"valueName\":\"search_term_string\"}}],\"inLanguage\":\"de\"},{\"@type\":\"Organization\",\"@id\":\"https:\\\/\\\/juststickit.de\\\/#organization\",\"name\":\"juststickit.de\",\"url\":\"https:\\\/\\\/juststickit.de\\\/\",\"logo\":{\"@type\":\"ImageObject\",\"inLanguage\":\"de\",\"@id\":\"https:\\\/\\\/juststickit.de\\\/#\\\/schema\\\/logo\\\/image\\\/\",\"url\":\"https:\\\/\\\/juststickit.de\\\/wp-content\\\/uploads\\\/2025\\\/05\\\/JSI_logo.jpg\",\"contentUrl\":\"https:\\\/\\\/juststickit.de\\\/wp-content\\\/uploads\\\/2025\\\/05\\\/JSI_logo.jpg\",\"width\":1009,\"height\":260,\"caption\":\"juststickit.de\"},\"image\":{\"@id\":\"https:\\\/\\\/juststickit.de\\\/#\\\/schema\\\/logo\\\/image\\\/\"},\"sameAs\":[\"https:\\\/\\\/www.facebook.com\\\/Juststickit.Alben\"]}]}<\/script>\n<!-- \/ Yoast SEO plugin. -->","yoast_head_json":{"title":"125 Jahre 1. FC N\u00fcrnberg - juststickit","description":"125 Jahre 1. FC N\u00fcrnberg. Das Clubalbum! Die Geschichte des Clubs auf 284 original Panini-Stickern.","robots":{"index":"index","follow":"follow","max-snippet":"max-snippet:-1","max-image-preview":"max-image-preview:large","max-video-preview":"max-video-preview:-1"},"canonical":"https:\/\/juststickit.de\/index.php\/produkt\/1-fc-nuernberg\/","og_locale":"de_DE","og_type":"article","og_title":"125 Jahre 1. FC N\u00fcrnberg - juststickit","og_description":"125 Jahre 1. FC N\u00fcrnberg. Das Clubalbum! Die Geschichte des Clubs auf 284 original Panini-Stickern.","og_url":"https:\/\/juststickit.de\/index.php\/produkt\/1-fc-nuernberg\/","og_site_name":"juststickit","article_publisher":"https:\/\/www.facebook.com\/Juststickit.Alben","article_modified_time":"2026-04-28T18:56:48+00:00","og_image":[{"width":2560,"height":2560,"url":"https:\/\/juststickit.de\/wp-content\/uploads\/2025\/05\/box_webshop-scaled-3.jpg","type":"image\/jpeg"}],"twitter_card":"summary_large_image","twitter_misc":{"Gesch\u00e4tzte Lesezeit":"1\u00a0Minute"},"schema":{"@context":"https:\/\/schema.org","@graph":[{"@type":"WebPage","@id":"https:\/\/juststickit.de\/index.php\/produkt\/1-fc-nuernberg\/","url":"https:\/\/juststickit.de\/index.php\/produkt\/1-fc-nuernberg\/","name":"125 Jahre 1. FC N\u00fcrnberg - juststickit","isPartOf":{"@id":"https:\/\/juststickit.de\/#website"},"primaryImageOfPage":{"@id":"https:\/\/juststickit.de\/index.php\/produkt\/1-fc-nuernberg\/#primaryimage"},"image":{"@id":"https:\/\/juststickit.de\/index.php\/produkt\/1-fc-nuernberg\/#primaryimage"},"thumbnailUrl":"https:\/\/juststickit.de\/wp-content\/uploads\/2025\/05\/box_webshop-scaled-3.jpg","datePublished":"2025-05-16T13:07:15+00:00","dateModified":"2026-04-28T18:56:48+00:00","description":"125 Jahre 1. FC N\u00fcrnberg. Das Clubalbum! Die Geschichte des Clubs auf 284 original Panini-Stickern.","breadcrumb":{"@id":"https:\/\/juststickit.de\/index.php\/produkt\/1-fc-nuernberg\/#breadcrumb"},"inLanguage":"de","potentialAction":[{"@type":"ReadAction","target":["https:\/\/juststickit.de\/index.php\/produkt\/1-fc-nuernberg\/"]}]},{"@type":"ImageObject","inLanguage":"de","@id":"https:\/\/juststickit.de\/index.php\/produkt\/1-fc-nuernberg\/#primaryimage","url":"https:\/\/juststickit.de\/wp-content\/uploads\/2025\/05\/box_webshop-scaled-3.jpg","contentUrl":"https:\/\/juststickit.de\/wp-content\/uploads\/2025\/05\/box_webshop-scaled-3.jpg","width":2560,"height":2560},{"@type":"BreadcrumbList","@id":"https:\/\/juststickit.de\/index.php\/produkt\/1-fc-nuernberg\/#breadcrumb","itemListElement":[{"@type":"ListItem","position":1,"name":"Startseite","item":"https:\/\/juststickit.de\/"},{"@type":"ListItem","position":2,"name":"Shop","item":"https:\/\/juststickit.de\/index.php\/shop\/"},{"@type":"ListItem","position":3,"name":"125 Jahre 1. FC N\u00fcrnberg"}]},{"@type":"WebSite","@id":"https:\/\/juststickit.de\/#website","url":"https:\/\/juststickit.de\/","name":"juststickit","description":"","publisher":{"@id":"https:\/\/juststickit.de\/#organization"},"potentialAction":[{"@type":"SearchAction","target":{"@type":"EntryPoint","urlTemplate":"https:\/\/juststickit.de\/?s={search_term_string}"},"query-input":{"@type":"PropertyValueSpecification","valueRequired":true,"valueName":"search_term_string"}}],"inLanguage":"de"},{"@type":"Organization","@id":"https:\/\/juststickit.de\/#organization","name":"juststickit.de","url":"https:\/\/juststickit.de\/","logo":{"@type":"ImageObject","inLanguage":"de","@id":"https:\/\/juststickit.de\/#\/schema\/logo\/image\/","url":"https:\/\/juststickit.de\/wp-content\/uploads\/2025\/05\/JSI_logo.jpg","contentUrl":"https:\/\/juststickit.de\/wp-content\/uploads\/2025\/05\/JSI_logo.jpg","width":1009,"height":260,"caption":"juststickit.de"},"image":{"@id":"https:\/\/juststickit.de\/#\/schema\/logo\/image\/"},"sameAs":["https:\/\/www.facebook.com\/Juststickit.Alben"]}]}},"_links":{"self":[{"href":"https:\/\/juststickit.de\/index.php\/wp-json\/wp\/v2\/product\/25859","targetHints":{"allow":["GET"]}}],"collection":[{"href":"https:\/\/juststickit.de\/index.php\/wp-json\/wp\/v2\/product"}],"about":[{"href":"https:\/\/juststickit.de\/index.php\/wp-json\/wp\/v2\/types\/product"}],"replies":[{"embeddable":true,"href":"https:\/\/juststickit.de\/index.php\/wp-json\/wp\/v2\/comments?post=25859"}],"wp:featuredmedia":[{"embeddable":true,"href":"https:\/\/juststickit.de\/index.php\/wp-json\/wp\/v2\/media\/25840"}],"wp:attachment":[{"href":"https:\/\/juststickit.de\/index.php\/wp-json\/wp\/v2\/media?parent=25859"}],"wp:term":[{"taxonomy":"product_brand","embeddable":true,"href":"https:\/\/juststickit.de\/index.php\/wp-json\/wp\/v2\/product_brand?post=25859"},{"taxonomy":"product_cat","embeddable":true,"href":"https:\/\/juststickit.de\/index.php\/wp-json\/wp\/v2\/product_cat?post=25859"},{"taxonomy":"product_tag","embeddable":true,"href":"https:\/\/juststickit.de\/index.php\/wp-json\/wp\/v2\/product_tag?post=25859"}],"curies":[{"name":"wp","href":"https:\/\/api.w.org\/{rel}","templated":true}]}}