{"id":25868,"date":"2025-05-19T12:13:00","date_gmt":"2025-05-19T12:13:00","guid":{"rendered":"https:\/\/juststickit.de\/entwicklung\/?post_type=product&#038;p=25868"},"modified":"2026-04-09T16:06:28","modified_gmt":"2026-04-09T16:06:28","slug":"125-jahre-1860-muenchen","status":"publish","type":"product","link":"https:\/\/juststickit.de\/index.php\/produkt\/125-jahre-1860-muenchen\/","title":{"rendered":"125 Jahre Fu\u00dfballabteilung im TSV 1860 M\u00fcnchen e.V."},"content":{"rendered":"<p>\u201eTausche Radi und Brunnenmeier gegen Bierofka und Miller. Suche das 125-Jahre-Jubil\u00e4ums-Logo, biete die Meister von 1966 und Benny Lauth!\u201c 44 Albumseiten und 264 Sammelbilder zeigen den Verein mit all seinen Facetten: von der Gr\u00fcndung \u00fcber Titel und Triumphe, legend\u00e4re Partien und Spieler bis hin zu tollen Fan-Aktionen und Erfolgen in der Nachwuchsarbeit. Auch die Abteilungen des Vereins sind mit dabei. Liebevolle Texte erkl\u00e4ren jedes Bild und machen das Album zu einem echten Nachschlagewerk. Ein Sammelspa\u00df f\u00fcr die ganze L\u00f6wen-Familie! Das Album entstand in enger Zusammenarbeit mit dem TSV 1860 M\u00fcnchen e.V. und Juststickit. Was uns besonders freut: Mit jedem verkauften Sticker flie\u00dfen Erl\u00f6se ins Jungl\u00f6wen-Nachwuchsleistungszentrum.<\/p>\n<p>Die komplette Kollektion ist auf FSC-zertifiziertem Papier aus nachhaltiger Forstwirtschaft gedruckt und komplett recycelbar, bis hin zur Tr\u00e4gerfolie der Sticker! Gedruckt wurde in Italien, auf den original Panini-Maschinen.<\/p>\n","protected":false},"excerpt":{"rendered":"<p>Unsere Kollektion zum 125. Geburtstag der Fu\u00dfballabteilung im TSV 1860 M\u00fcnchen e.V. war ein voller Erfolg! Mit einer einmaligen Rabatt-Aktion wollen wir heute Danke sagen. Es gibt noch eine kleine Restmenge \u00a0Sticker-Boxen und Alben. Diese geben wir \u2013 so lange der Vorrat reicht \u2013 nun zum Danke-Preis von 18,60 Euro (plus Versandkosten) raus. Jeder Box liegt ein Album bei \u2013 und nat\u00fcrlich auch der Bogen mit den 6 Sonderstickern. F\u00fcr alle L\u00f6wen-Fans, die das Album zum Start verpasst haben. Oder als Geschenk f\u00fcr L\u00f6wen-Fans, die erst noch geboren werden. \ud83d\ude09<\/p>\n<p>&nbsp;<\/p>\n","protected":false},"featured_media":20191,"comment_status":"open","ping_status":"closed","template":"","meta":[],"product_brand":[],"product_cat":[19,27],"product_tag":[90,65,67],"class_list":{"0":"post-25868","1":"product","2":"type-product","3":"status-publish","4":"has-post-thumbnail","6":"product_cat-fussball-alben","7":"product_cat-panini-serien","8":"product_tag-125-jahre-1860-muenchen","9":"product_tag-65","10":"product_tag-loewenalbum","11":"product_shipping_class-dhl-paket","12":"tm-has-styled-variations","13":"tm-has-options","15":"first","16":"instock","17":"taxable","18":"shipping-taxable","19":"purchasable","20":"product-type-variable"},"yoast_head":"<!-- This site is optimized with the Yoast SEO plugin v27.4 - https:\/\/yoast.com\/product\/yoast-seo-wordpress\/ -->\n<title>125 Jahre Fu\u00dfballabteilung im TSV 1860 M\u00fcnchen e.V. - juststickit<\/title>\n<meta name=\"description\" content=\"1860 M\u00fcnchen \u2013 das L\u00f6wenalbum! 125 Jahre 1860 M\u00fcnchen: Das Paninialbum mit den besten Fotos der Vereinsgeschichte\" \/>\n<meta name=\"robots\" content=\"index, follow, max-snippet:-1, max-image-preview:large, max-video-preview:-1\" \/>\n<link rel=\"canonical\" href=\"https:\/\/juststickit.de\/index.php\/produkt\/125-jahre-1860-muenchen\/\" \/>\n<meta property=\"og:locale\" content=\"de_DE\" \/>\n<meta property=\"og:type\" content=\"article\" \/>\n<meta property=\"og:title\" content=\"125 Jahre Fu\u00dfballabteilung im TSV 1860 M\u00fcnchen e.V. - juststickit\" \/>\n<meta property=\"og:description\" content=\"1860 M\u00fcnchen \u2013 das L\u00f6wenalbum! 125 Jahre 1860 M\u00fcnchen: Das Paninialbum mit den besten Fotos der Vereinsgeschichte\" \/>\n<meta property=\"og:url\" content=\"https:\/\/juststickit.de\/index.php\/produkt\/125-jahre-1860-muenchen\/\" \/>\n<meta property=\"og:site_name\" content=\"juststickit\" \/>\n<meta property=\"article:publisher\" content=\"https:\/\/www.facebook.com\/Juststickit.Alben\" \/>\n<meta property=\"article:modified_time\" content=\"2026-04-09T16:06:28+00:00\" \/>\n<meta property=\"og:image\" content=\"https:\/\/juststickit.de\/wp-content\/uploads\/2025\/05\/box_webshop-scaled-2.jpg\" \/>\n\t<meta property=\"og:image:width\" content=\"2560\" \/>\n\t<meta property=\"og:image:height\" content=\"2560\" \/>\n\t<meta property=\"og:image:type\" content=\"image\/jpeg\" \/>\n<meta name=\"twitter:card\" content=\"summary_large_image\" \/>\n<meta name=\"twitter:label1\" content=\"Gesch\u00e4tzte Lesezeit\" \/>\n\t<meta name=\"twitter:data1\" content=\"1\u00a0Minute\" \/>\n<script type=\"application\/ld+json\" class=\"yoast-schema-graph\">{\"@context\":\"https:\\\/\\\/schema.org\",\"@graph\":[{\"@type\":\"WebPage\",\"@id\":\"https:\\\/\\\/juststickit.de\\\/index.php\\\/produkt\\\/125-jahre-1860-muenchen\\\/\",\"url\":\"https:\\\/\\\/juststickit.de\\\/index.php\\\/produkt\\\/125-jahre-1860-muenchen\\\/\",\"name\":\"125 Jahre Fu\u00dfballabteilung im TSV 1860 M\u00fcnchen e.V. - juststickit\",\"isPartOf\":{\"@id\":\"https:\\\/\\\/juststickit.de\\\/#website\"},\"primaryImageOfPage\":{\"@id\":\"https:\\\/\\\/juststickit.de\\\/index.php\\\/produkt\\\/125-jahre-1860-muenchen\\\/#primaryimage\"},\"image\":{\"@id\":\"https:\\\/\\\/juststickit.de\\\/index.php\\\/produkt\\\/125-jahre-1860-muenchen\\\/#primaryimage\"},\"thumbnailUrl\":\"https:\\\/\\\/juststickit.de\\\/wp-content\\\/uploads\\\/2025\\\/05\\\/box_webshop-scaled-2.jpg\",\"datePublished\":\"2025-05-19T12:13:00+00:00\",\"dateModified\":\"2026-04-09T16:06:28+00:00\",\"description\":\"1860 M\u00fcnchen \u2013 das L\u00f6wenalbum! 125 Jahre 1860 M\u00fcnchen: Das Paninialbum mit den besten Fotos der Vereinsgeschichte\",\"breadcrumb\":{\"@id\":\"https:\\\/\\\/juststickit.de\\\/index.php\\\/produkt\\\/125-jahre-1860-muenchen\\\/#breadcrumb\"},\"inLanguage\":\"de\",\"potentialAction\":[{\"@type\":\"ReadAction\",\"target\":[\"https:\\\/\\\/juststickit.de\\\/index.php\\\/produkt\\\/125-jahre-1860-muenchen\\\/\"]}]},{\"@type\":\"ImageObject\",\"inLanguage\":\"de\",\"@id\":\"https:\\\/\\\/juststickit.de\\\/index.php\\\/produkt\\\/125-jahre-1860-muenchen\\\/#primaryimage\",\"url\":\"https:\\\/\\\/juststickit.de\\\/wp-content\\\/uploads\\\/2025\\\/05\\\/box_webshop-scaled-2.jpg\",\"contentUrl\":\"https:\\\/\\\/juststickit.de\\\/wp-content\\\/uploads\\\/2025\\\/05\\\/box_webshop-scaled-2.jpg\",\"width\":2560,\"height\":2560},{\"@type\":\"BreadcrumbList\",\"@id\":\"https:\\\/\\\/juststickit.de\\\/index.php\\\/produkt\\\/125-jahre-1860-muenchen\\\/#breadcrumb\",\"itemListElement\":[{\"@type\":\"ListItem\",\"position\":1,\"name\":\"Startseite\",\"item\":\"https:\\\/\\\/juststickit.de\\\/\"},{\"@type\":\"ListItem\",\"position\":2,\"name\":\"Shop\",\"item\":\"https:\\\/\\\/juststickit.de\\\/index.php\\\/shop\\\/\"},{\"@type\":\"ListItem\",\"position\":3,\"name\":\"125 Jahre Fu\u00dfballabteilung im TSV 1860 M\u00fcnchen e.V.\"}]},{\"@type\":\"WebSite\",\"@id\":\"https:\\\/\\\/juststickit.de\\\/#website\",\"url\":\"https:\\\/\\\/juststickit.de\\\/\",\"name\":\"juststickit\",\"description\":\"\",\"publisher\":{\"@id\":\"https:\\\/\\\/juststickit.de\\\/#organization\"},\"potentialAction\":[{\"@type\":\"SearchAction\",\"target\":{\"@type\":\"EntryPoint\",\"urlTemplate\":\"https:\\\/\\\/juststickit.de\\\/?s={search_term_string}\"},\"query-input\":{\"@type\":\"PropertyValueSpecification\",\"valueRequired\":true,\"valueName\":\"search_term_string\"}}],\"inLanguage\":\"de\"},{\"@type\":\"Organization\",\"@id\":\"https:\\\/\\\/juststickit.de\\\/#organization\",\"name\":\"juststickit.de\",\"url\":\"https:\\\/\\\/juststickit.de\\\/\",\"logo\":{\"@type\":\"ImageObject\",\"inLanguage\":\"de\",\"@id\":\"https:\\\/\\\/juststickit.de\\\/#\\\/schema\\\/logo\\\/image\\\/\",\"url\":\"https:\\\/\\\/juststickit.de\\\/wp-content\\\/uploads\\\/2025\\\/05\\\/JSI_logo.jpg\",\"contentUrl\":\"https:\\\/\\\/juststickit.de\\\/wp-content\\\/uploads\\\/2025\\\/05\\\/JSI_logo.jpg\",\"width\":1009,\"height\":260,\"caption\":\"juststickit.de\"},\"image\":{\"@id\":\"https:\\\/\\\/juststickit.de\\\/#\\\/schema\\\/logo\\\/image\\\/\"},\"sameAs\":[\"https:\\\/\\\/www.facebook.com\\\/Juststickit.Alben\"]}]}<\/script>\n<!-- \/ Yoast SEO plugin. -->","yoast_head_json":{"title":"125 Jahre Fu\u00dfballabteilung im TSV 1860 M\u00fcnchen e.V. - juststickit","description":"1860 M\u00fcnchen \u2013 das L\u00f6wenalbum! 125 Jahre 1860 M\u00fcnchen: Das Paninialbum mit den besten Fotos der Vereinsgeschichte","robots":{"index":"index","follow":"follow","max-snippet":"max-snippet:-1","max-image-preview":"max-image-preview:large","max-video-preview":"max-video-preview:-1"},"canonical":"https:\/\/juststickit.de\/index.php\/produkt\/125-jahre-1860-muenchen\/","og_locale":"de_DE","og_type":"article","og_title":"125 Jahre Fu\u00dfballabteilung im TSV 1860 M\u00fcnchen e.V. - juststickit","og_description":"1860 M\u00fcnchen \u2013 das L\u00f6wenalbum! 125 Jahre 1860 M\u00fcnchen: Das Paninialbum mit den besten Fotos der Vereinsgeschichte","og_url":"https:\/\/juststickit.de\/index.php\/produkt\/125-jahre-1860-muenchen\/","og_site_name":"juststickit","article_publisher":"https:\/\/www.facebook.com\/Juststickit.Alben","article_modified_time":"2026-04-09T16:06:28+00:00","og_image":[{"width":2560,"height":2560,"url":"https:\/\/juststickit.de\/wp-content\/uploads\/2025\/05\/box_webshop-scaled-2.jpg","type":"image\/jpeg"}],"twitter_card":"summary_large_image","twitter_misc":{"Gesch\u00e4tzte Lesezeit":"1\u00a0Minute"},"schema":{"@context":"https:\/\/schema.org","@graph":[{"@type":"WebPage","@id":"https:\/\/juststickit.de\/index.php\/produkt\/125-jahre-1860-muenchen\/","url":"https:\/\/juststickit.de\/index.php\/produkt\/125-jahre-1860-muenchen\/","name":"125 Jahre Fu\u00dfballabteilung im TSV 1860 M\u00fcnchen e.V. - juststickit","isPartOf":{"@id":"https:\/\/juststickit.de\/#website"},"primaryImageOfPage":{"@id":"https:\/\/juststickit.de\/index.php\/produkt\/125-jahre-1860-muenchen\/#primaryimage"},"image":{"@id":"https:\/\/juststickit.de\/index.php\/produkt\/125-jahre-1860-muenchen\/#primaryimage"},"thumbnailUrl":"https:\/\/juststickit.de\/wp-content\/uploads\/2025\/05\/box_webshop-scaled-2.jpg","datePublished":"2025-05-19T12:13:00+00:00","dateModified":"2026-04-09T16:06:28+00:00","description":"1860 M\u00fcnchen \u2013 das L\u00f6wenalbum! 125 Jahre 1860 M\u00fcnchen: Das Paninialbum mit den besten Fotos der Vereinsgeschichte","breadcrumb":{"@id":"https:\/\/juststickit.de\/index.php\/produkt\/125-jahre-1860-muenchen\/#breadcrumb"},"inLanguage":"de","potentialAction":[{"@type":"ReadAction","target":["https:\/\/juststickit.de\/index.php\/produkt\/125-jahre-1860-muenchen\/"]}]},{"@type":"ImageObject","inLanguage":"de","@id":"https:\/\/juststickit.de\/index.php\/produkt\/125-jahre-1860-muenchen\/#primaryimage","url":"https:\/\/juststickit.de\/wp-content\/uploads\/2025\/05\/box_webshop-scaled-2.jpg","contentUrl":"https:\/\/juststickit.de\/wp-content\/uploads\/2025\/05\/box_webshop-scaled-2.jpg","width":2560,"height":2560},{"@type":"BreadcrumbList","@id":"https:\/\/juststickit.de\/index.php\/produkt\/125-jahre-1860-muenchen\/#breadcrumb","itemListElement":[{"@type":"ListItem","position":1,"name":"Startseite","item":"https:\/\/juststickit.de\/"},{"@type":"ListItem","position":2,"name":"Shop","item":"https:\/\/juststickit.de\/index.php\/shop\/"},{"@type":"ListItem","position":3,"name":"125 Jahre Fu\u00dfballabteilung im TSV 1860 M\u00fcnchen e.V."}]},{"@type":"WebSite","@id":"https:\/\/juststickit.de\/#website","url":"https:\/\/juststickit.de\/","name":"juststickit","description":"","publisher":{"@id":"https:\/\/juststickit.de\/#organization"},"potentialAction":[{"@type":"SearchAction","target":{"@type":"EntryPoint","urlTemplate":"https:\/\/juststickit.de\/?s={search_term_string}"},"query-input":{"@type":"PropertyValueSpecification","valueRequired":true,"valueName":"search_term_string"}}],"inLanguage":"de"},{"@type":"Organization","@id":"https:\/\/juststickit.de\/#organization","name":"juststickit.de","url":"https:\/\/juststickit.de\/","logo":{"@type":"ImageObject","inLanguage":"de","@id":"https:\/\/juststickit.de\/#\/schema\/logo\/image\/","url":"https:\/\/juststickit.de\/wp-content\/uploads\/2025\/05\/JSI_logo.jpg","contentUrl":"https:\/\/juststickit.de\/wp-content\/uploads\/2025\/05\/JSI_logo.jpg","width":1009,"height":260,"caption":"juststickit.de"},"image":{"@id":"https:\/\/juststickit.de\/#\/schema\/logo\/image\/"},"sameAs":["https:\/\/www.facebook.com\/Juststickit.Alben"]}]}},"_links":{"self":[{"href":"https:\/\/juststickit.de\/index.php\/wp-json\/wp\/v2\/product\/25868","targetHints":{"allow":["GET"]}}],"collection":[{"href":"https:\/\/juststickit.de\/index.php\/wp-json\/wp\/v2\/product"}],"about":[{"href":"https:\/\/juststickit.de\/index.php\/wp-json\/wp\/v2\/types\/product"}],"replies":[{"embeddable":true,"href":"https:\/\/juststickit.de\/index.php\/wp-json\/wp\/v2\/comments?post=25868"}],"wp:featuredmedia":[{"embeddable":true,"href":"https:\/\/juststickit.de\/index.php\/wp-json\/wp\/v2\/media\/20191"}],"wp:attachment":[{"href":"https:\/\/juststickit.de\/index.php\/wp-json\/wp\/v2\/media?parent=25868"}],"wp:term":[{"taxonomy":"product_brand","embeddable":true,"href":"https:\/\/juststickit.de\/index.php\/wp-json\/wp\/v2\/product_brand?post=25868"},{"taxonomy":"product_cat","embeddable":true,"href":"https:\/\/juststickit.de\/index.php\/wp-json\/wp\/v2\/product_cat?post=25868"},{"taxonomy":"product_tag","embeddable":true,"href":"https:\/\/juststickit.de\/index.php\/wp-json\/wp\/v2\/product_tag?post=25868"}],"curies":[{"name":"wp","href":"https:\/\/api.w.org\/{rel}","templated":true}]}}