{"id":26188,"date":"2025-06-19T08:59:36","date_gmt":"2025-06-19T08:59:36","guid":{"rendered":"https:\/\/juststickit.de\/?post_type=product&#038;p=26188"},"modified":"2025-11-17T18:22:26","modified_gmt":"2025-11-17T18:22:26","slug":"srg","status":"publish","type":"product","link":"https:\/\/juststickit.de\/index.php\/produkt\/srg\/","title":{"rendered":"Schwarz Rot Gold"},"content":{"rendered":"<p>Die komplette Kollektion ist auf FSC-zertifiziertem Papier aus nachhaltiger Forstwirtschaft gedruckt und komplett recycelbar, bis hin zur Tr\u00e4gerfolie der Sticker! Gedruckt wurde in Italien, auf den original Panini-Maschinen.<\/p>\n","protected":false},"excerpt":{"rendered":"<p>Zum 70. Geburtstag der Bundesrepublik Deutschland, den der Jahrestag der Unterzeichnung des Grundgesetzes am 23. Mai 1949 markiert, hat die FUNKE MEDIENGRUPPE in Kooperation mit dem Bu\u0308ro Juststickit und unterstu\u0308tzt vom ehemaligen Chefhistoriker des ZDF, Prof. Dr. Guido Knopp, ein liebevoll gestaltetes und informatives Sticker-Sammelalbum u\u0308ber die ju\u0308ngere deutsche Geschichte produziert. Die insgesamt 333 Klebebildchen zeigen Motive aus der Historie und Gegenwart der Bundesrepublik und der Geschichte der ehemaligen DDR. Zugleich schl\u00e4gt das Album auch die Bru\u0308cke in die Zukunft.Neben den Meilensteinen der deutschen Geschichte (von Brandts Kniefall bis zum Mauerfall) wird im Album auch unser demokratisches Prinzip erkl\u00e4rt, die Sammlerinnen und Sammler lernen alle deutschen Pr\u00e4sidenten, Kanzler und Bundesl\u00e4nder kennen \u2013 und natu\u0308rlich kommen auch die gr\u00f6\u00dften deutschen Stars, aus Show, Sport und Entertainment nicht zu kurz, von Peter Frankenfeld und Hans- Joachim Kulenkampff bis Gu\u0308nther Jauch und Barbara Sch\u00f6neberger, von James Last und Helene Fischer bis Herbert Gr\u00f6nemeyer und den Toten Hosen, von den Fu\u00dfball-Weltmeistern von 1954 u\u0308ber Boris Becker und Steffi Graf bis Michael Schumacher.<\/p>\n","protected":false},"featured_media":15376,"comment_status":"open","ping_status":"closed","template":"","meta":[],"product_brand":[],"product_cat":[18,27],"product_tag":[110,109,107,108],"class_list":{"0":"post-26188","1":"product","2":"type-product","3":"status-publish","4":"has-post-thumbnail","6":"product_cat-heimat-alben","7":"product_cat-panini-serien","8":"product_tag-70-jahre-grundgesetz","9":"product_tag-deutschland-sammelalbum","10":"product_tag-deutschland-panini","11":"product_tag-schwarz-rot-gold","12":"tm-has-styled-variations","13":"tm-has-options","15":"first","16":"instock","17":"taxable","18":"shipping-taxable","19":"purchasable","20":"product-type-variable"},"yoast_head":"<!-- This site is optimized with the Yoast SEO plugin v27.4 - https:\/\/yoast.com\/product\/yoast-seo-wordpress\/ -->\n<title>Schwarz Rot Gold - juststickit<\/title>\n<meta name=\"description\" content=\"Das Panini-Sammelalbum f\u00fcr Deutschland! Schwarz Rot Gold \u2013 Deutschlands Erfolgsgeschichte seit 1949. Auf 333 Panini-Stickern zum Sammeln, Kleben und Erleben!\" \/>\n<meta name=\"robots\" content=\"index, follow, max-snippet:-1, max-image-preview:large, max-video-preview:-1\" \/>\n<link rel=\"canonical\" href=\"https:\/\/juststickit.de\/index.php\/produkt\/srg\/\" \/>\n<meta property=\"og:locale\" content=\"de_DE\" \/>\n<meta property=\"og:type\" content=\"article\" \/>\n<meta property=\"og:title\" content=\"Schwarz Rot Gold - juststickit\" \/>\n<meta property=\"og:description\" content=\"Das Panini-Sammelalbum f\u00fcr Deutschland! Schwarz Rot Gold \u2013 Deutschlands Erfolgsgeschichte seit 1949. Auf 333 Panini-Stickern zum Sammeln, Kleben und Erleben!\" \/>\n<meta property=\"og:url\" content=\"https:\/\/juststickit.de\/index.php\/produkt\/srg\/\" \/>\n<meta property=\"og:site_name\" content=\"juststickit\" \/>\n<meta property=\"article:publisher\" content=\"https:\/\/www.facebook.com\/Juststickit.Alben\" \/>\n<meta property=\"article:modified_time\" content=\"2025-11-17T18:22:26+00:00\" \/>\n<meta property=\"og:image\" content=\"https:\/\/juststickit.de\/wp-content\/uploads\/2025\/05\/Box2-pdf.jpg\" \/>\n\t<meta property=\"og:image:width\" content=\"756\" \/>\n\t<meta property=\"og:image:height\" content=\"756\" \/>\n\t<meta property=\"og:image:type\" content=\"image\/jpeg\" \/>\n<meta name=\"twitter:card\" content=\"summary_large_image\" \/>\n<meta name=\"twitter:label1\" content=\"Gesch\u00e4tzte Lesezeit\" \/>\n\t<meta name=\"twitter:data1\" content=\"1\u00a0Minute\" \/>\n<script type=\"application\/ld+json\" class=\"yoast-schema-graph\">{\"@context\":\"https:\\\/\\\/schema.org\",\"@graph\":[{\"@type\":\"WebPage\",\"@id\":\"https:\\\/\\\/juststickit.de\\\/index.php\\\/produkt\\\/srg\\\/\",\"url\":\"https:\\\/\\\/juststickit.de\\\/index.php\\\/produkt\\\/srg\\\/\",\"name\":\"Schwarz Rot Gold - juststickit\",\"isPartOf\":{\"@id\":\"https:\\\/\\\/juststickit.de\\\/#website\"},\"primaryImageOfPage\":{\"@id\":\"https:\\\/\\\/juststickit.de\\\/index.php\\\/produkt\\\/srg\\\/#primaryimage\"},\"image\":{\"@id\":\"https:\\\/\\\/juststickit.de\\\/index.php\\\/produkt\\\/srg\\\/#primaryimage\"},\"thumbnailUrl\":\"https:\\\/\\\/juststickit.de\\\/wp-content\\\/uploads\\\/2025\\\/05\\\/Box2-pdf.jpg\",\"datePublished\":\"2025-06-19T08:59:36+00:00\",\"dateModified\":\"2025-11-17T18:22:26+00:00\",\"description\":\"Das Panini-Sammelalbum f\u00fcr Deutschland! Schwarz Rot Gold \u2013 Deutschlands Erfolgsgeschichte seit 1949. Auf 333 Panini-Stickern zum Sammeln, Kleben und Erleben!\",\"breadcrumb\":{\"@id\":\"https:\\\/\\\/juststickit.de\\\/index.php\\\/produkt\\\/srg\\\/#breadcrumb\"},\"inLanguage\":\"de\",\"potentialAction\":[{\"@type\":\"ReadAction\",\"target\":[\"https:\\\/\\\/juststickit.de\\\/index.php\\\/produkt\\\/srg\\\/\"]}]},{\"@type\":\"ImageObject\",\"inLanguage\":\"de\",\"@id\":\"https:\\\/\\\/juststickit.de\\\/index.php\\\/produkt\\\/srg\\\/#primaryimage\",\"url\":\"https:\\\/\\\/juststickit.de\\\/wp-content\\\/uploads\\\/2025\\\/05\\\/Box2-pdf.jpg\",\"contentUrl\":\"https:\\\/\\\/juststickit.de\\\/wp-content\\\/uploads\\\/2025\\\/05\\\/Box2-pdf.jpg\",\"width\":756,\"height\":756},{\"@type\":\"BreadcrumbList\",\"@id\":\"https:\\\/\\\/juststickit.de\\\/index.php\\\/produkt\\\/srg\\\/#breadcrumb\",\"itemListElement\":[{\"@type\":\"ListItem\",\"position\":1,\"name\":\"Startseite\",\"item\":\"https:\\\/\\\/juststickit.de\\\/\"},{\"@type\":\"ListItem\",\"position\":2,\"name\":\"Shop\",\"item\":\"https:\\\/\\\/juststickit.de\\\/index.php\\\/shop\\\/\"},{\"@type\":\"ListItem\",\"position\":3,\"name\":\"Schwarz Rot Gold\"}]},{\"@type\":\"WebSite\",\"@id\":\"https:\\\/\\\/juststickit.de\\\/#website\",\"url\":\"https:\\\/\\\/juststickit.de\\\/\",\"name\":\"juststickit\",\"description\":\"\",\"publisher\":{\"@id\":\"https:\\\/\\\/juststickit.de\\\/#organization\"},\"potentialAction\":[{\"@type\":\"SearchAction\",\"target\":{\"@type\":\"EntryPoint\",\"urlTemplate\":\"https:\\\/\\\/juststickit.de\\\/?s={search_term_string}\"},\"query-input\":{\"@type\":\"PropertyValueSpecification\",\"valueRequired\":true,\"valueName\":\"search_term_string\"}}],\"inLanguage\":\"de\"},{\"@type\":\"Organization\",\"@id\":\"https:\\\/\\\/juststickit.de\\\/#organization\",\"name\":\"juststickit.de\",\"url\":\"https:\\\/\\\/juststickit.de\\\/\",\"logo\":{\"@type\":\"ImageObject\",\"inLanguage\":\"de\",\"@id\":\"https:\\\/\\\/juststickit.de\\\/#\\\/schema\\\/logo\\\/image\\\/\",\"url\":\"https:\\\/\\\/juststickit.de\\\/wp-content\\\/uploads\\\/2025\\\/05\\\/JSI_logo.jpg\",\"contentUrl\":\"https:\\\/\\\/juststickit.de\\\/wp-content\\\/uploads\\\/2025\\\/05\\\/JSI_logo.jpg\",\"width\":1009,\"height\":260,\"caption\":\"juststickit.de\"},\"image\":{\"@id\":\"https:\\\/\\\/juststickit.de\\\/#\\\/schema\\\/logo\\\/image\\\/\"},\"sameAs\":[\"https:\\\/\\\/www.facebook.com\\\/Juststickit.Alben\"]}]}<\/script>\n<!-- \/ Yoast SEO plugin. -->","yoast_head_json":{"title":"Schwarz Rot Gold - juststickit","description":"Das Panini-Sammelalbum f\u00fcr Deutschland! Schwarz Rot Gold \u2013 Deutschlands Erfolgsgeschichte seit 1949. Auf 333 Panini-Stickern zum Sammeln, Kleben und Erleben!","robots":{"index":"index","follow":"follow","max-snippet":"max-snippet:-1","max-image-preview":"max-image-preview:large","max-video-preview":"max-video-preview:-1"},"canonical":"https:\/\/juststickit.de\/index.php\/produkt\/srg\/","og_locale":"de_DE","og_type":"article","og_title":"Schwarz Rot Gold - juststickit","og_description":"Das Panini-Sammelalbum f\u00fcr Deutschland! Schwarz Rot Gold \u2013 Deutschlands Erfolgsgeschichte seit 1949. Auf 333 Panini-Stickern zum Sammeln, Kleben und Erleben!","og_url":"https:\/\/juststickit.de\/index.php\/produkt\/srg\/","og_site_name":"juststickit","article_publisher":"https:\/\/www.facebook.com\/Juststickit.Alben","article_modified_time":"2025-11-17T18:22:26+00:00","og_image":[{"width":756,"height":756,"url":"https:\/\/juststickit.de\/wp-content\/uploads\/2025\/05\/Box2-pdf.jpg","type":"image\/jpeg"}],"twitter_card":"summary_large_image","twitter_misc":{"Gesch\u00e4tzte Lesezeit":"1\u00a0Minute"},"schema":{"@context":"https:\/\/schema.org","@graph":[{"@type":"WebPage","@id":"https:\/\/juststickit.de\/index.php\/produkt\/srg\/","url":"https:\/\/juststickit.de\/index.php\/produkt\/srg\/","name":"Schwarz Rot Gold - juststickit","isPartOf":{"@id":"https:\/\/juststickit.de\/#website"},"primaryImageOfPage":{"@id":"https:\/\/juststickit.de\/index.php\/produkt\/srg\/#primaryimage"},"image":{"@id":"https:\/\/juststickit.de\/index.php\/produkt\/srg\/#primaryimage"},"thumbnailUrl":"https:\/\/juststickit.de\/wp-content\/uploads\/2025\/05\/Box2-pdf.jpg","datePublished":"2025-06-19T08:59:36+00:00","dateModified":"2025-11-17T18:22:26+00:00","description":"Das Panini-Sammelalbum f\u00fcr Deutschland! Schwarz Rot Gold \u2013 Deutschlands Erfolgsgeschichte seit 1949. Auf 333 Panini-Stickern zum Sammeln, Kleben und Erleben!","breadcrumb":{"@id":"https:\/\/juststickit.de\/index.php\/produkt\/srg\/#breadcrumb"},"inLanguage":"de","potentialAction":[{"@type":"ReadAction","target":["https:\/\/juststickit.de\/index.php\/produkt\/srg\/"]}]},{"@type":"ImageObject","inLanguage":"de","@id":"https:\/\/juststickit.de\/index.php\/produkt\/srg\/#primaryimage","url":"https:\/\/juststickit.de\/wp-content\/uploads\/2025\/05\/Box2-pdf.jpg","contentUrl":"https:\/\/juststickit.de\/wp-content\/uploads\/2025\/05\/Box2-pdf.jpg","width":756,"height":756},{"@type":"BreadcrumbList","@id":"https:\/\/juststickit.de\/index.php\/produkt\/srg\/#breadcrumb","itemListElement":[{"@type":"ListItem","position":1,"name":"Startseite","item":"https:\/\/juststickit.de\/"},{"@type":"ListItem","position":2,"name":"Shop","item":"https:\/\/juststickit.de\/index.php\/shop\/"},{"@type":"ListItem","position":3,"name":"Schwarz Rot Gold"}]},{"@type":"WebSite","@id":"https:\/\/juststickit.de\/#website","url":"https:\/\/juststickit.de\/","name":"juststickit","description":"","publisher":{"@id":"https:\/\/juststickit.de\/#organization"},"potentialAction":[{"@type":"SearchAction","target":{"@type":"EntryPoint","urlTemplate":"https:\/\/juststickit.de\/?s={search_term_string}"},"query-input":{"@type":"PropertyValueSpecification","valueRequired":true,"valueName":"search_term_string"}}],"inLanguage":"de"},{"@type":"Organization","@id":"https:\/\/juststickit.de\/#organization","name":"juststickit.de","url":"https:\/\/juststickit.de\/","logo":{"@type":"ImageObject","inLanguage":"de","@id":"https:\/\/juststickit.de\/#\/schema\/logo\/image\/","url":"https:\/\/juststickit.de\/wp-content\/uploads\/2025\/05\/JSI_logo.jpg","contentUrl":"https:\/\/juststickit.de\/wp-content\/uploads\/2025\/05\/JSI_logo.jpg","width":1009,"height":260,"caption":"juststickit.de"},"image":{"@id":"https:\/\/juststickit.de\/#\/schema\/logo\/image\/"},"sameAs":["https:\/\/www.facebook.com\/Juststickit.Alben"]}]}},"_links":{"self":[{"href":"https:\/\/juststickit.de\/index.php\/wp-json\/wp\/v2\/product\/26188","targetHints":{"allow":["GET"]}}],"collection":[{"href":"https:\/\/juststickit.de\/index.php\/wp-json\/wp\/v2\/product"}],"about":[{"href":"https:\/\/juststickit.de\/index.php\/wp-json\/wp\/v2\/types\/product"}],"replies":[{"embeddable":true,"href":"https:\/\/juststickit.de\/index.php\/wp-json\/wp\/v2\/comments?post=26188"}],"wp:featuredmedia":[{"embeddable":true,"href":"https:\/\/juststickit.de\/index.php\/wp-json\/wp\/v2\/media\/15376"}],"wp:attachment":[{"href":"https:\/\/juststickit.de\/index.php\/wp-json\/wp\/v2\/media?parent=26188"}],"wp:term":[{"taxonomy":"product_brand","embeddable":true,"href":"https:\/\/juststickit.de\/index.php\/wp-json\/wp\/v2\/product_brand?post=26188"},{"taxonomy":"product_cat","embeddable":true,"href":"https:\/\/juststickit.de\/index.php\/wp-json\/wp\/v2\/product_cat?post=26188"},{"taxonomy":"product_tag","embeddable":true,"href":"https:\/\/juststickit.de\/index.php\/wp-json\/wp\/v2\/product_tag?post=26188"}],"curies":[{"name":"wp","href":"https:\/\/api.w.org\/{rel}","templated":true}]}}