{"id":26295,"date":"2025-07-21T12:21:13","date_gmt":"2025-07-21T12:21:13","guid":{"rendered":"https:\/\/juststickit.de\/?post_type=product&#038;p=26295"},"modified":"2026-03-22T08:08:15","modified_gmt":"2026-03-22T08:08:15","slug":"schirialbum","status":"publish","type":"product","link":"https:\/\/juststickit.de\/index.php\/produkt\/schirialbum\/","title":{"rendered":"Faszination Schiri"},"content":{"rendered":"<p>Die komplette Kollektion ist auf FSC-zertifiziertem Papier aus nachhaltiger Forstwirtschaft gedruckt und komplett recycelbar, bis hin zur Tr\u00e4gerfolie der Sticker! Gedruckt wurde in Italien, auf den original Panini-Maschinen.<\/p>\n","protected":false},"excerpt":{"rendered":"<p><b>Die besten deutschen Schiris zum Sammeln, Tauschen und Kleben<\/b> \u2013 auf 36 Seiten und 216 Panini-Sammelbildern. Ein Blick in die Historie und hinter die Kulissen. Dazu Infos und Kontakte f\u00fcr alle, die Teil der Schiri-Familie werden wollen. Eine einmalige Serie, die im &#8222;Jahr der Schiris\u201c (2024) Wirkung erzielt hat. Im Jahresvergleich zwischen 2022 und 2023 ist die Zahl der aktiven Schiedsrichter:innen im deutschen Fu\u00dfball um 6,6 Prozent gestiegen. Nachdem die Zahlen seit rund 20 Jahren r\u00fcckl\u00e4ufig waren! <strong>Es gibt noch wenige Boxen (zum Sonderpreis von 25 Euro) und einige wenige Volls\u00e4tze<\/strong> \u2013 Anpfiff zum Stickern. So lange der Vorrat reicht.<\/p>\n","protected":false},"featured_media":18672,"comment_status":"open","ping_status":"closed","template":"","meta":[],"product_brand":[],"product_cat":[19,27],"product_tag":[113,111,114,112],"class_list":{"0":"post-26295","1":"product","2":"type-product","3":"status-publish","4":"has-post-thumbnail","6":"product_cat-fussball-alben","7":"product_cat-panini-serien","8":"product_tag-dfb-schiralbum","9":"product_tag-faszination-schiri","10":"product_tag-schiri-album","11":"product_tag-schiri-panini","12":"product_shipping_class-dhl-paket","13":"tm-has-styled-variations","14":"tm-has-options","16":"first","17":"instock","18":"taxable","19":"shipping-taxable","20":"purchasable","21":"product-type-variable"},"yoast_head":"<!-- This site is optimized with the Yoast SEO plugin v27.4 - https:\/\/yoast.com\/product\/yoast-seo-wordpress\/ -->\n<title>Faszination Schiri - juststickit<\/title>\n<meta name=\"description\" content=\"Die besten deutschen Schiris zum Sammeln, Tauschen und Kleben \u2013 auf 36 Seiten und 216 Panini-Sammelbildern.\" \/>\n<meta name=\"robots\" content=\"index, follow, max-snippet:-1, max-image-preview:large, max-video-preview:-1\" \/>\n<link rel=\"canonical\" href=\"https:\/\/juststickit.de\/index.php\/produkt\/schirialbum\/\" \/>\n<meta property=\"og:locale\" content=\"de_DE\" \/>\n<meta property=\"og:type\" content=\"article\" \/>\n<meta property=\"og:title\" content=\"Faszination Schiri - juststickit\" \/>\n<meta property=\"og:description\" content=\"Die besten deutschen Schiris zum Sammeln, Tauschen und Kleben \u2013 auf 36 Seiten und 216 Panini-Sammelbildern.\" \/>\n<meta property=\"og:url\" content=\"https:\/\/juststickit.de\/index.php\/produkt\/schirialbum\/\" \/>\n<meta property=\"og:site_name\" content=\"juststickit\" \/>\n<meta property=\"article:publisher\" content=\"https:\/\/www.facebook.com\/Juststickit.Alben\" \/>\n<meta property=\"article:modified_time\" content=\"2026-03-22T08:08:15+00:00\" \/>\n<meta property=\"og:image\" content=\"https:\/\/juststickit.de\/wp-content\/uploads\/2025\/05\/schiri_box_webshop.jpg\" \/>\n\t<meta property=\"og:image:width\" content=\"2500\" \/>\n\t<meta property=\"og:image:height\" content=\"2500\" \/>\n\t<meta property=\"og:image:type\" content=\"image\/jpeg\" \/>\n<meta name=\"twitter:card\" content=\"summary_large_image\" \/>\n<meta name=\"twitter:label1\" content=\"Gesch\u00e4tzte Lesezeit\" \/>\n\t<meta name=\"twitter:data1\" content=\"1\u00a0Minute\" \/>\n<script type=\"application\/ld+json\" class=\"yoast-schema-graph\">{\"@context\":\"https:\\\/\\\/schema.org\",\"@graph\":[{\"@type\":\"WebPage\",\"@id\":\"https:\\\/\\\/juststickit.de\\\/index.php\\\/produkt\\\/schirialbum\\\/\",\"url\":\"https:\\\/\\\/juststickit.de\\\/index.php\\\/produkt\\\/schirialbum\\\/\",\"name\":\"Faszination Schiri - juststickit\",\"isPartOf\":{\"@id\":\"https:\\\/\\\/juststickit.de\\\/#website\"},\"primaryImageOfPage\":{\"@id\":\"https:\\\/\\\/juststickit.de\\\/index.php\\\/produkt\\\/schirialbum\\\/#primaryimage\"},\"image\":{\"@id\":\"https:\\\/\\\/juststickit.de\\\/index.php\\\/produkt\\\/schirialbum\\\/#primaryimage\"},\"thumbnailUrl\":\"https:\\\/\\\/juststickit.de\\\/wp-content\\\/uploads\\\/2025\\\/05\\\/schiri_box_webshop.jpg\",\"datePublished\":\"2025-07-21T12:21:13+00:00\",\"dateModified\":\"2026-03-22T08:08:15+00:00\",\"description\":\"Die besten deutschen Schiris zum Sammeln, Tauschen und Kleben \u2013 auf 36 Seiten und 216 Panini-Sammelbildern.\",\"breadcrumb\":{\"@id\":\"https:\\\/\\\/juststickit.de\\\/index.php\\\/produkt\\\/schirialbum\\\/#breadcrumb\"},\"inLanguage\":\"de\",\"potentialAction\":[{\"@type\":\"ReadAction\",\"target\":[\"https:\\\/\\\/juststickit.de\\\/index.php\\\/produkt\\\/schirialbum\\\/\"]}]},{\"@type\":\"ImageObject\",\"inLanguage\":\"de\",\"@id\":\"https:\\\/\\\/juststickit.de\\\/index.php\\\/produkt\\\/schirialbum\\\/#primaryimage\",\"url\":\"https:\\\/\\\/juststickit.de\\\/wp-content\\\/uploads\\\/2025\\\/05\\\/schiri_box_webshop.jpg\",\"contentUrl\":\"https:\\\/\\\/juststickit.de\\\/wp-content\\\/uploads\\\/2025\\\/05\\\/schiri_box_webshop.jpg\",\"width\":2500,\"height\":2500},{\"@type\":\"BreadcrumbList\",\"@id\":\"https:\\\/\\\/juststickit.de\\\/index.php\\\/produkt\\\/schirialbum\\\/#breadcrumb\",\"itemListElement\":[{\"@type\":\"ListItem\",\"position\":1,\"name\":\"Startseite\",\"item\":\"https:\\\/\\\/juststickit.de\\\/\"},{\"@type\":\"ListItem\",\"position\":2,\"name\":\"Shop\",\"item\":\"https:\\\/\\\/juststickit.de\\\/index.php\\\/shop\\\/\"},{\"@type\":\"ListItem\",\"position\":3,\"name\":\"Faszination Schiri\"}]},{\"@type\":\"WebSite\",\"@id\":\"https:\\\/\\\/juststickit.de\\\/#website\",\"url\":\"https:\\\/\\\/juststickit.de\\\/\",\"name\":\"juststickit\",\"description\":\"\",\"publisher\":{\"@id\":\"https:\\\/\\\/juststickit.de\\\/#organization\"},\"potentialAction\":[{\"@type\":\"SearchAction\",\"target\":{\"@type\":\"EntryPoint\",\"urlTemplate\":\"https:\\\/\\\/juststickit.de\\\/?s={search_term_string}\"},\"query-input\":{\"@type\":\"PropertyValueSpecification\",\"valueRequired\":true,\"valueName\":\"search_term_string\"}}],\"inLanguage\":\"de\"},{\"@type\":\"Organization\",\"@id\":\"https:\\\/\\\/juststickit.de\\\/#organization\",\"name\":\"juststickit.de\",\"url\":\"https:\\\/\\\/juststickit.de\\\/\",\"logo\":{\"@type\":\"ImageObject\",\"inLanguage\":\"de\",\"@id\":\"https:\\\/\\\/juststickit.de\\\/#\\\/schema\\\/logo\\\/image\\\/\",\"url\":\"https:\\\/\\\/juststickit.de\\\/wp-content\\\/uploads\\\/2025\\\/05\\\/JSI_logo.jpg\",\"contentUrl\":\"https:\\\/\\\/juststickit.de\\\/wp-content\\\/uploads\\\/2025\\\/05\\\/JSI_logo.jpg\",\"width\":1009,\"height\":260,\"caption\":\"juststickit.de\"},\"image\":{\"@id\":\"https:\\\/\\\/juststickit.de\\\/#\\\/schema\\\/logo\\\/image\\\/\"},\"sameAs\":[\"https:\\\/\\\/www.facebook.com\\\/Juststickit.Alben\"]}]}<\/script>\n<!-- \/ Yoast SEO plugin. -->","yoast_head_json":{"title":"Faszination Schiri - juststickit","description":"Die besten deutschen Schiris zum Sammeln, Tauschen und Kleben \u2013 auf 36 Seiten und 216 Panini-Sammelbildern.","robots":{"index":"index","follow":"follow","max-snippet":"max-snippet:-1","max-image-preview":"max-image-preview:large","max-video-preview":"max-video-preview:-1"},"canonical":"https:\/\/juststickit.de\/index.php\/produkt\/schirialbum\/","og_locale":"de_DE","og_type":"article","og_title":"Faszination Schiri - juststickit","og_description":"Die besten deutschen Schiris zum Sammeln, Tauschen und Kleben \u2013 auf 36 Seiten und 216 Panini-Sammelbildern.","og_url":"https:\/\/juststickit.de\/index.php\/produkt\/schirialbum\/","og_site_name":"juststickit","article_publisher":"https:\/\/www.facebook.com\/Juststickit.Alben","article_modified_time":"2026-03-22T08:08:15+00:00","og_image":[{"width":2500,"height":2500,"url":"https:\/\/juststickit.de\/wp-content\/uploads\/2025\/05\/schiri_box_webshop.jpg","type":"image\/jpeg"}],"twitter_card":"summary_large_image","twitter_misc":{"Gesch\u00e4tzte Lesezeit":"1\u00a0Minute"},"schema":{"@context":"https:\/\/schema.org","@graph":[{"@type":"WebPage","@id":"https:\/\/juststickit.de\/index.php\/produkt\/schirialbum\/","url":"https:\/\/juststickit.de\/index.php\/produkt\/schirialbum\/","name":"Faszination Schiri - juststickit","isPartOf":{"@id":"https:\/\/juststickit.de\/#website"},"primaryImageOfPage":{"@id":"https:\/\/juststickit.de\/index.php\/produkt\/schirialbum\/#primaryimage"},"image":{"@id":"https:\/\/juststickit.de\/index.php\/produkt\/schirialbum\/#primaryimage"},"thumbnailUrl":"https:\/\/juststickit.de\/wp-content\/uploads\/2025\/05\/schiri_box_webshop.jpg","datePublished":"2025-07-21T12:21:13+00:00","dateModified":"2026-03-22T08:08:15+00:00","description":"Die besten deutschen Schiris zum Sammeln, Tauschen und Kleben \u2013 auf 36 Seiten und 216 Panini-Sammelbildern.","breadcrumb":{"@id":"https:\/\/juststickit.de\/index.php\/produkt\/schirialbum\/#breadcrumb"},"inLanguage":"de","potentialAction":[{"@type":"ReadAction","target":["https:\/\/juststickit.de\/index.php\/produkt\/schirialbum\/"]}]},{"@type":"ImageObject","inLanguage":"de","@id":"https:\/\/juststickit.de\/index.php\/produkt\/schirialbum\/#primaryimage","url":"https:\/\/juststickit.de\/wp-content\/uploads\/2025\/05\/schiri_box_webshop.jpg","contentUrl":"https:\/\/juststickit.de\/wp-content\/uploads\/2025\/05\/schiri_box_webshop.jpg","width":2500,"height":2500},{"@type":"BreadcrumbList","@id":"https:\/\/juststickit.de\/index.php\/produkt\/schirialbum\/#breadcrumb","itemListElement":[{"@type":"ListItem","position":1,"name":"Startseite","item":"https:\/\/juststickit.de\/"},{"@type":"ListItem","position":2,"name":"Shop","item":"https:\/\/juststickit.de\/index.php\/shop\/"},{"@type":"ListItem","position":3,"name":"Faszination Schiri"}]},{"@type":"WebSite","@id":"https:\/\/juststickit.de\/#website","url":"https:\/\/juststickit.de\/","name":"juststickit","description":"","publisher":{"@id":"https:\/\/juststickit.de\/#organization"},"potentialAction":[{"@type":"SearchAction","target":{"@type":"EntryPoint","urlTemplate":"https:\/\/juststickit.de\/?s={search_term_string}"},"query-input":{"@type":"PropertyValueSpecification","valueRequired":true,"valueName":"search_term_string"}}],"inLanguage":"de"},{"@type":"Organization","@id":"https:\/\/juststickit.de\/#organization","name":"juststickit.de","url":"https:\/\/juststickit.de\/","logo":{"@type":"ImageObject","inLanguage":"de","@id":"https:\/\/juststickit.de\/#\/schema\/logo\/image\/","url":"https:\/\/juststickit.de\/wp-content\/uploads\/2025\/05\/JSI_logo.jpg","contentUrl":"https:\/\/juststickit.de\/wp-content\/uploads\/2025\/05\/JSI_logo.jpg","width":1009,"height":260,"caption":"juststickit.de"},"image":{"@id":"https:\/\/juststickit.de\/#\/schema\/logo\/image\/"},"sameAs":["https:\/\/www.facebook.com\/Juststickit.Alben"]}]}},"_links":{"self":[{"href":"https:\/\/juststickit.de\/index.php\/wp-json\/wp\/v2\/product\/26295","targetHints":{"allow":["GET"]}}],"collection":[{"href":"https:\/\/juststickit.de\/index.php\/wp-json\/wp\/v2\/product"}],"about":[{"href":"https:\/\/juststickit.de\/index.php\/wp-json\/wp\/v2\/types\/product"}],"replies":[{"embeddable":true,"href":"https:\/\/juststickit.de\/index.php\/wp-json\/wp\/v2\/comments?post=26295"}],"wp:featuredmedia":[{"embeddable":true,"href":"https:\/\/juststickit.de\/index.php\/wp-json\/wp\/v2\/media\/18672"}],"wp:attachment":[{"href":"https:\/\/juststickit.de\/index.php\/wp-json\/wp\/v2\/media?parent=26295"}],"wp:term":[{"taxonomy":"product_brand","embeddable":true,"href":"https:\/\/juststickit.de\/index.php\/wp-json\/wp\/v2\/product_brand?post=26295"},{"taxonomy":"product_cat","embeddable":true,"href":"https:\/\/juststickit.de\/index.php\/wp-json\/wp\/v2\/product_cat?post=26295"},{"taxonomy":"product_tag","embeddable":true,"href":"https:\/\/juststickit.de\/index.php\/wp-json\/wp\/v2\/product_tag?post=26295"}],"curies":[{"name":"wp","href":"https:\/\/api.w.org\/{rel}","templated":true}]}}