{"id":27488,"date":"2025-10-26T16:00:26","date_gmt":"2025-10-26T16:00:26","guid":{"rendered":"https:\/\/juststickit.de\/?post_type=product&#038;p=27488"},"modified":"2026-04-26T18:39:13","modified_gmt":"2026-04-26T18:39:13","slug":"degalbum","status":"publish","type":"product","link":"https:\/\/juststickit.de\/index.php\/produkt\/degalbum\/","title":{"rendered":"Das DEG-Album"},"content":{"rendered":"<p>Die komplette Kollektion ist auf FSC-zertifiziertem Papier aus nachhaltiger Forstwirtschaft gedruckt und komplett recycelbar, bis hin zur Tr\u00e4gerfolie der Sticker! Gedruckt wurde in Italien, auf den original Panini-Maschinen.<\/p>\n","protected":false},"excerpt":{"rendered":"<p>Die an H\u00f6hepunkten reiche 90-j\u00e4hrige Vereinsgeschichte der D\u00fcsseldorfer EG in 290 Sammelbildern. <b>Mit dabei:\u00a0<\/b><span style=\"color: #545454; font-family: Radnika, -apple-system, BlinkMacSystemFont, Arial, Helvetica, Helvetica Neue, Verdana, sans-serif; font-size: medium;\">Meilensteine der Vereinsgeschichte, mit einer eigenen Sammelwelt zu den <b>acht<\/b><\/span><strong>\u00a0Meistertiteln\u00a0<\/strong>und dem<strong>\u00a0Triumph im Pokal 2006<\/strong><span style=\"color: #545454; font-family: Radnika, -apple-system, BlinkMacSystemFont, Arial, Helvetica, Helvetica Neue, Verdana, sans-serif; font-size: medium;\">. <b>Legend\u00e4re Spieler und Publikumslieblinge<\/b>, der <b>Kader 2025\/26<\/b>, die <b>Toten Hosen<\/b>, alle aktuellen <b>Jugendteams<\/b> und die <b>DEG-Frauen<\/b> \u2013 und nat\u00fcrlich die besten Eishockey-Fans der Welt und die einzigartige Stimmung an der Brehmstra\u00dfe (fr\u00fcher) und im Dome (heute).\u00a0<\/span>Die\u00a0<strong>liebevoll zusammengestellte Kollektion<\/strong>\u00a0ist eine echte\u00a0<b>DEG<\/b><strong>-Klebe-Chronik<\/strong>.\u00a0Zu jedem Motiv gibt es im Album einen kleinen Infotext.<\/p>\n","protected":false},"featured_media":27494,"comment_status":"open","ping_status":"closed","template":"","meta":[],"product_brand":[],"product_cat":[27],"product_tag":[119,121,118,120,122],"class_list":{"0":"post-27488","1":"product","2":"type-product","3":"status-publish","4":"has-post-thumbnail","6":"product_cat-panini-serien","7":"product_tag-deg","8":"product_tag-deg-panini","9":"product_tag-duesseldorf","10":"product_tag-eishockey","11":"product_tag-eishockey-panini","12":"tm-has-styled-variations","13":"tm-has-options","15":"first","16":"instock","17":"taxable","18":"shipping-taxable","19":"purchasable","20":"product-type-variable"},"yoast_head":"<!-- This site is optimized with the Yoast SEO plugin v27.4 - https:\/\/yoast.com\/product\/yoast-seo-wordpress\/ -->\n<title>Das DEG-Album - juststickit<\/title>\n<meta name=\"description\" content=\"Das Panini-Sammelalbum f\u00fcr die DEG! Die 90-j\u00e4hrige Vereinsgeschichte der D\u00fcsseldorfer EG in 290 Panini-Sammelbildern.\" \/>\n<meta name=\"robots\" content=\"index, follow, max-snippet:-1, max-image-preview:large, max-video-preview:-1\" \/>\n<link rel=\"canonical\" href=\"https:\/\/juststickit.de\/index.php\/produkt\/degalbum\/\" \/>\n<meta property=\"og:locale\" content=\"de_DE\" \/>\n<meta property=\"og:type\" content=\"article\" \/>\n<meta property=\"og:title\" content=\"Das DEG-Album - juststickit\" \/>\n<meta property=\"og:description\" content=\"Das Panini-Sammelalbum f\u00fcr die DEG! Die 90-j\u00e4hrige Vereinsgeschichte der D\u00fcsseldorfer EG in 290 Panini-Sammelbildern.\" \/>\n<meta property=\"og:url\" content=\"https:\/\/juststickit.de\/index.php\/produkt\/degalbum\/\" \/>\n<meta property=\"og:site_name\" content=\"juststickit\" \/>\n<meta property=\"article:publisher\" content=\"https:\/\/www.facebook.com\/Juststickit.Alben\" \/>\n<meta property=\"article:modified_time\" content=\"2026-04-26T18:39:13+00:00\" \/>\n<meta property=\"og:image\" content=\"https:\/\/juststickit.de\/wp-content\/uploads\/2025\/10\/box_webshop-scaled.jpg\" \/>\n\t<meta property=\"og:image:width\" content=\"2560\" \/>\n\t<meta property=\"og:image:height\" content=\"2560\" \/>\n\t<meta property=\"og:image:type\" content=\"image\/jpeg\" \/>\n<meta name=\"twitter:card\" content=\"summary_large_image\" \/>\n<meta name=\"twitter:label1\" content=\"Gesch\u00e4tzte Lesezeit\" \/>\n\t<meta name=\"twitter:data1\" content=\"1\u00a0Minute\" \/>\n<script type=\"application\/ld+json\" class=\"yoast-schema-graph\">{\"@context\":\"https:\\\/\\\/schema.org\",\"@graph\":[{\"@type\":\"WebPage\",\"@id\":\"https:\\\/\\\/juststickit.de\\\/index.php\\\/produkt\\\/degalbum\\\/\",\"url\":\"https:\\\/\\\/juststickit.de\\\/index.php\\\/produkt\\\/degalbum\\\/\",\"name\":\"Das DEG-Album - juststickit\",\"isPartOf\":{\"@id\":\"https:\\\/\\\/juststickit.de\\\/#website\"},\"primaryImageOfPage\":{\"@id\":\"https:\\\/\\\/juststickit.de\\\/index.php\\\/produkt\\\/degalbum\\\/#primaryimage\"},\"image\":{\"@id\":\"https:\\\/\\\/juststickit.de\\\/index.php\\\/produkt\\\/degalbum\\\/#primaryimage\"},\"thumbnailUrl\":\"https:\\\/\\\/juststickit.de\\\/wp-content\\\/uploads\\\/2025\\\/10\\\/box_webshop-scaled.jpg\",\"datePublished\":\"2025-10-26T16:00:26+00:00\",\"dateModified\":\"2026-04-26T18:39:13+00:00\",\"description\":\"Das Panini-Sammelalbum f\u00fcr die DEG! Die 90-j\u00e4hrige Vereinsgeschichte der D\u00fcsseldorfer EG in 290 Panini-Sammelbildern.\",\"breadcrumb\":{\"@id\":\"https:\\\/\\\/juststickit.de\\\/index.php\\\/produkt\\\/degalbum\\\/#breadcrumb\"},\"inLanguage\":\"de\",\"potentialAction\":[{\"@type\":\"ReadAction\",\"target\":[\"https:\\\/\\\/juststickit.de\\\/index.php\\\/produkt\\\/degalbum\\\/\"]}]},{\"@type\":\"ImageObject\",\"inLanguage\":\"de\",\"@id\":\"https:\\\/\\\/juststickit.de\\\/index.php\\\/produkt\\\/degalbum\\\/#primaryimage\",\"url\":\"https:\\\/\\\/juststickit.de\\\/wp-content\\\/uploads\\\/2025\\\/10\\\/box_webshop-scaled.jpg\",\"contentUrl\":\"https:\\\/\\\/juststickit.de\\\/wp-content\\\/uploads\\\/2025\\\/10\\\/box_webshop-scaled.jpg\",\"width\":2560,\"height\":2560},{\"@type\":\"BreadcrumbList\",\"@id\":\"https:\\\/\\\/juststickit.de\\\/index.php\\\/produkt\\\/degalbum\\\/#breadcrumb\",\"itemListElement\":[{\"@type\":\"ListItem\",\"position\":1,\"name\":\"Startseite\",\"item\":\"https:\\\/\\\/juststickit.de\\\/\"},{\"@type\":\"ListItem\",\"position\":2,\"name\":\"Shop\",\"item\":\"https:\\\/\\\/juststickit.de\\\/index.php\\\/shop\\\/\"},{\"@type\":\"ListItem\",\"position\":3,\"name\":\"Das DEG-Album\"}]},{\"@type\":\"WebSite\",\"@id\":\"https:\\\/\\\/juststickit.de\\\/#website\",\"url\":\"https:\\\/\\\/juststickit.de\\\/\",\"name\":\"juststickit\",\"description\":\"\",\"publisher\":{\"@id\":\"https:\\\/\\\/juststickit.de\\\/#organization\"},\"potentialAction\":[{\"@type\":\"SearchAction\",\"target\":{\"@type\":\"EntryPoint\",\"urlTemplate\":\"https:\\\/\\\/juststickit.de\\\/?s={search_term_string}\"},\"query-input\":{\"@type\":\"PropertyValueSpecification\",\"valueRequired\":true,\"valueName\":\"search_term_string\"}}],\"inLanguage\":\"de\"},{\"@type\":\"Organization\",\"@id\":\"https:\\\/\\\/juststickit.de\\\/#organization\",\"name\":\"juststickit.de\",\"url\":\"https:\\\/\\\/juststickit.de\\\/\",\"logo\":{\"@type\":\"ImageObject\",\"inLanguage\":\"de\",\"@id\":\"https:\\\/\\\/juststickit.de\\\/#\\\/schema\\\/logo\\\/image\\\/\",\"url\":\"https:\\\/\\\/juststickit.de\\\/wp-content\\\/uploads\\\/2025\\\/05\\\/JSI_logo.jpg\",\"contentUrl\":\"https:\\\/\\\/juststickit.de\\\/wp-content\\\/uploads\\\/2025\\\/05\\\/JSI_logo.jpg\",\"width\":1009,\"height\":260,\"caption\":\"juststickit.de\"},\"image\":{\"@id\":\"https:\\\/\\\/juststickit.de\\\/#\\\/schema\\\/logo\\\/image\\\/\"},\"sameAs\":[\"https:\\\/\\\/www.facebook.com\\\/Juststickit.Alben\"]}]}<\/script>\n<!-- \/ Yoast SEO plugin. -->","yoast_head_json":{"title":"Das DEG-Album - juststickit","description":"Das Panini-Sammelalbum f\u00fcr die DEG! Die 90-j\u00e4hrige Vereinsgeschichte der D\u00fcsseldorfer EG in 290 Panini-Sammelbildern.","robots":{"index":"index","follow":"follow","max-snippet":"max-snippet:-1","max-image-preview":"max-image-preview:large","max-video-preview":"max-video-preview:-1"},"canonical":"https:\/\/juststickit.de\/index.php\/produkt\/degalbum\/","og_locale":"de_DE","og_type":"article","og_title":"Das DEG-Album - juststickit","og_description":"Das Panini-Sammelalbum f\u00fcr die DEG! Die 90-j\u00e4hrige Vereinsgeschichte der D\u00fcsseldorfer EG in 290 Panini-Sammelbildern.","og_url":"https:\/\/juststickit.de\/index.php\/produkt\/degalbum\/","og_site_name":"juststickit","article_publisher":"https:\/\/www.facebook.com\/Juststickit.Alben","article_modified_time":"2026-04-26T18:39:13+00:00","og_image":[{"width":2560,"height":2560,"url":"https:\/\/juststickit.de\/wp-content\/uploads\/2025\/10\/box_webshop-scaled.jpg","type":"image\/jpeg"}],"twitter_card":"summary_large_image","twitter_misc":{"Gesch\u00e4tzte Lesezeit":"1\u00a0Minute"},"schema":{"@context":"https:\/\/schema.org","@graph":[{"@type":"WebPage","@id":"https:\/\/juststickit.de\/index.php\/produkt\/degalbum\/","url":"https:\/\/juststickit.de\/index.php\/produkt\/degalbum\/","name":"Das DEG-Album - juststickit","isPartOf":{"@id":"https:\/\/juststickit.de\/#website"},"primaryImageOfPage":{"@id":"https:\/\/juststickit.de\/index.php\/produkt\/degalbum\/#primaryimage"},"image":{"@id":"https:\/\/juststickit.de\/index.php\/produkt\/degalbum\/#primaryimage"},"thumbnailUrl":"https:\/\/juststickit.de\/wp-content\/uploads\/2025\/10\/box_webshop-scaled.jpg","datePublished":"2025-10-26T16:00:26+00:00","dateModified":"2026-04-26T18:39:13+00:00","description":"Das Panini-Sammelalbum f\u00fcr die DEG! Die 90-j\u00e4hrige Vereinsgeschichte der D\u00fcsseldorfer EG in 290 Panini-Sammelbildern.","breadcrumb":{"@id":"https:\/\/juststickit.de\/index.php\/produkt\/degalbum\/#breadcrumb"},"inLanguage":"de","potentialAction":[{"@type":"ReadAction","target":["https:\/\/juststickit.de\/index.php\/produkt\/degalbum\/"]}]},{"@type":"ImageObject","inLanguage":"de","@id":"https:\/\/juststickit.de\/index.php\/produkt\/degalbum\/#primaryimage","url":"https:\/\/juststickit.de\/wp-content\/uploads\/2025\/10\/box_webshop-scaled.jpg","contentUrl":"https:\/\/juststickit.de\/wp-content\/uploads\/2025\/10\/box_webshop-scaled.jpg","width":2560,"height":2560},{"@type":"BreadcrumbList","@id":"https:\/\/juststickit.de\/index.php\/produkt\/degalbum\/#breadcrumb","itemListElement":[{"@type":"ListItem","position":1,"name":"Startseite","item":"https:\/\/juststickit.de\/"},{"@type":"ListItem","position":2,"name":"Shop","item":"https:\/\/juststickit.de\/index.php\/shop\/"},{"@type":"ListItem","position":3,"name":"Das DEG-Album"}]},{"@type":"WebSite","@id":"https:\/\/juststickit.de\/#website","url":"https:\/\/juststickit.de\/","name":"juststickit","description":"","publisher":{"@id":"https:\/\/juststickit.de\/#organization"},"potentialAction":[{"@type":"SearchAction","target":{"@type":"EntryPoint","urlTemplate":"https:\/\/juststickit.de\/?s={search_term_string}"},"query-input":{"@type":"PropertyValueSpecification","valueRequired":true,"valueName":"search_term_string"}}],"inLanguage":"de"},{"@type":"Organization","@id":"https:\/\/juststickit.de\/#organization","name":"juststickit.de","url":"https:\/\/juststickit.de\/","logo":{"@type":"ImageObject","inLanguage":"de","@id":"https:\/\/juststickit.de\/#\/schema\/logo\/image\/","url":"https:\/\/juststickit.de\/wp-content\/uploads\/2025\/05\/JSI_logo.jpg","contentUrl":"https:\/\/juststickit.de\/wp-content\/uploads\/2025\/05\/JSI_logo.jpg","width":1009,"height":260,"caption":"juststickit.de"},"image":{"@id":"https:\/\/juststickit.de\/#\/schema\/logo\/image\/"},"sameAs":["https:\/\/www.facebook.com\/Juststickit.Alben"]}]}},"_links":{"self":[{"href":"https:\/\/juststickit.de\/index.php\/wp-json\/wp\/v2\/product\/27488","targetHints":{"allow":["GET"]}}],"collection":[{"href":"https:\/\/juststickit.de\/index.php\/wp-json\/wp\/v2\/product"}],"about":[{"href":"https:\/\/juststickit.de\/index.php\/wp-json\/wp\/v2\/types\/product"}],"replies":[{"embeddable":true,"href":"https:\/\/juststickit.de\/index.php\/wp-json\/wp\/v2\/comments?post=27488"}],"wp:featuredmedia":[{"embeddable":true,"href":"https:\/\/juststickit.de\/index.php\/wp-json\/wp\/v2\/media\/27494"}],"wp:attachment":[{"href":"https:\/\/juststickit.de\/index.php\/wp-json\/wp\/v2\/media?parent=27488"}],"wp:term":[{"taxonomy":"product_brand","embeddable":true,"href":"https:\/\/juststickit.de\/index.php\/wp-json\/wp\/v2\/product_brand?post=27488"},{"taxonomy":"product_cat","embeddable":true,"href":"https:\/\/juststickit.de\/index.php\/wp-json\/wp\/v2\/product_cat?post=27488"},{"taxonomy":"product_tag","embeddable":true,"href":"https:\/\/juststickit.de\/index.php\/wp-json\/wp\/v2\/product_tag?post=27488"}],"curies":[{"name":"wp","href":"https:\/\/api.w.org\/{rel}","templated":true}]}}