{"id":27842,"date":"2026-01-19T09:32:23","date_gmt":"2026-01-19T09:32:23","guid":{"rendered":"https:\/\/juststickit.de\/?post_type=product&#038;p=27842"},"modified":"2026-04-29T21:38:43","modified_gmt":"2026-04-29T21:38:43","slug":"koelnerzoo","status":"publish","type":"product","link":"https:\/\/juststickit.de\/index.php\/produkt\/koelnerzoo\/","title":{"rendered":"165 Jahre K\u00f6lner Zoo"},"content":{"rendered":"<p>Die komplette Kollektion ist auf FSC-zertifiziertem Papier aus nachhaltiger Forstwirtschaft gedruckt und komplett recycelbar, bis hin zur Tr\u00e4gerfolie der Sticker! Gedruckt wurde in Italien, auf den original Panini-Maschinen.<\/p>\n","protected":false},"excerpt":{"rendered":"<p><strong>K\u00f6lns Zoo ist einmalig!<\/strong>\u00a0 Gegr\u00fcndet vor mehr als 165 Jahren, leben hier rund 11.000 Tiere aus \u00fcber 750 Arten. Ganz viele von Ihnen \u2013 und nat\u00fcrlich auch einige &#8222;urk\u00f6lsche Dierche&#8220; sowie etliche beeindruckende Dinos \u2013 sind in diesem Album versammelt. <strong>42 Seiten und 258 original Panini-Sticker zeigen den Zoo mit all seinen Facetten:<\/strong> Liebevolle Texte erkl\u00e4ren jedes Bild und machen das Album zu einem echten Nachschlagewerk f\u00fcr alle Tierfreunde.<strong> Ein Sammelspa\u00df fu\u0308r die ganze Familie! ACHTUNG: Wer ein Album bestellt, erh\u00e4lt einen Gutschein \u00fcber 3,- Euro f\u00fcr den Zoo-Eintritt!<\/strong><\/p>\n","protected":false},"featured_media":27847,"comment_status":"open","ping_status":"closed","template":"","meta":[],"product_brand":[],"product_cat":[18,27],"product_tag":[126,123,127,124,125],"class_list":{"0":"post-27842","1":"product","2":"type-product","3":"status-publish","4":"has-post-thumbnail","6":"product_cat-heimat-alben","7":"product_cat-panini-serien","8":"product_tag-165-jahre-koelner-zoo","9":"product_tag-koeln","10":"product_tag-koelner-zoo","11":"product_tag-zoo","12":"product_tag-zoo-panini","13":"product_shipping_class-dhl-paket","14":"tm-has-styled-variations","15":"tm-has-options","17":"first","18":"instock","19":"taxable","20":"shipping-taxable","21":"purchasable","22":"product-type-variable"},"yoast_head":"<!-- This site is optimized with the Yoast SEO plugin v27.4 - https:\/\/yoast.com\/product\/yoast-seo-wordpress\/ -->\n<title>165 Jahre K\u00f6lner Zoo - juststickit<\/title>\n<meta name=\"description\" content=\"Das Sticker-Sammelalbum zum 165. Geburtstag des K\u00f6lner Zoos! Printed by Panini. Der ganze Zoo auf 258 Stickern.\" \/>\n<meta name=\"robots\" content=\"index, follow, max-snippet:-1, max-image-preview:large, max-video-preview:-1\" \/>\n<link rel=\"canonical\" href=\"https:\/\/juststickit.de\/index.php\/produkt\/koelnerzoo\/\" \/>\n<meta property=\"og:locale\" content=\"de_DE\" \/>\n<meta property=\"og:type\" content=\"article\" \/>\n<meta property=\"og:title\" content=\"165 Jahre K\u00f6lner Zoo - juststickit\" \/>\n<meta property=\"og:description\" content=\"Das Sticker-Sammelalbum zum 165. Geburtstag des K\u00f6lner Zoos! Printed by Panini. Der ganze Zoo auf 258 Stickern.\" \/>\n<meta property=\"og:url\" content=\"https:\/\/juststickit.de\/index.php\/produkt\/koelnerzoo\/\" \/>\n<meta property=\"og:site_name\" content=\"juststickit\" \/>\n<meta property=\"article:publisher\" content=\"https:\/\/www.facebook.com\/Juststickit.Alben\" \/>\n<meta property=\"article:modified_time\" content=\"2026-04-29T21:38:43+00:00\" \/>\n<meta property=\"og:image\" content=\"https:\/\/juststickit.de\/wp-content\/uploads\/2026\/01\/box_webshop-scaled.jpg\" \/>\n\t<meta property=\"og:image:width\" content=\"2560\" \/>\n\t<meta property=\"og:image:height\" content=\"2560\" \/>\n\t<meta property=\"og:image:type\" content=\"image\/jpeg\" \/>\n<meta name=\"twitter:card\" content=\"summary_large_image\" \/>\n<meta name=\"twitter:label1\" content=\"Gesch\u00e4tzte Lesezeit\" \/>\n\t<meta name=\"twitter:data1\" content=\"1\u00a0Minute\" \/>\n<script type=\"application\/ld+json\" class=\"yoast-schema-graph\">{\"@context\":\"https:\\\/\\\/schema.org\",\"@graph\":[{\"@type\":\"WebPage\",\"@id\":\"https:\\\/\\\/juststickit.de\\\/index.php\\\/produkt\\\/koelnerzoo\\\/\",\"url\":\"https:\\\/\\\/juststickit.de\\\/index.php\\\/produkt\\\/koelnerzoo\\\/\",\"name\":\"165 Jahre K\u00f6lner Zoo - juststickit\",\"isPartOf\":{\"@id\":\"https:\\\/\\\/juststickit.de\\\/#website\"},\"primaryImageOfPage\":{\"@id\":\"https:\\\/\\\/juststickit.de\\\/index.php\\\/produkt\\\/koelnerzoo\\\/#primaryimage\"},\"image\":{\"@id\":\"https:\\\/\\\/juststickit.de\\\/index.php\\\/produkt\\\/koelnerzoo\\\/#primaryimage\"},\"thumbnailUrl\":\"https:\\\/\\\/juststickit.de\\\/wp-content\\\/uploads\\\/2026\\\/01\\\/box_webshop-scaled.jpg\",\"datePublished\":\"2026-01-19T09:32:23+00:00\",\"dateModified\":\"2026-04-29T21:38:43+00:00\",\"description\":\"Das Sticker-Sammelalbum zum 165. Geburtstag des K\u00f6lner Zoos! Printed by Panini. Der ganze Zoo auf 258 Stickern.\",\"breadcrumb\":{\"@id\":\"https:\\\/\\\/juststickit.de\\\/index.php\\\/produkt\\\/koelnerzoo\\\/#breadcrumb\"},\"inLanguage\":\"de\",\"potentialAction\":[{\"@type\":\"ReadAction\",\"target\":[\"https:\\\/\\\/juststickit.de\\\/index.php\\\/produkt\\\/koelnerzoo\\\/\"]}]},{\"@type\":\"ImageObject\",\"inLanguage\":\"de\",\"@id\":\"https:\\\/\\\/juststickit.de\\\/index.php\\\/produkt\\\/koelnerzoo\\\/#primaryimage\",\"url\":\"https:\\\/\\\/juststickit.de\\\/wp-content\\\/uploads\\\/2026\\\/01\\\/box_webshop-scaled.jpg\",\"contentUrl\":\"https:\\\/\\\/juststickit.de\\\/wp-content\\\/uploads\\\/2026\\\/01\\\/box_webshop-scaled.jpg\",\"width\":2560,\"height\":2560},{\"@type\":\"BreadcrumbList\",\"@id\":\"https:\\\/\\\/juststickit.de\\\/index.php\\\/produkt\\\/koelnerzoo\\\/#breadcrumb\",\"itemListElement\":[{\"@type\":\"ListItem\",\"position\":1,\"name\":\"Startseite\",\"item\":\"https:\\\/\\\/juststickit.de\\\/\"},{\"@type\":\"ListItem\",\"position\":2,\"name\":\"Shop\",\"item\":\"https:\\\/\\\/juststickit.de\\\/index.php\\\/shop\\\/\"},{\"@type\":\"ListItem\",\"position\":3,\"name\":\"165 Jahre K\u00f6lner Zoo\"}]},{\"@type\":\"WebSite\",\"@id\":\"https:\\\/\\\/juststickit.de\\\/#website\",\"url\":\"https:\\\/\\\/juststickit.de\\\/\",\"name\":\"juststickit\",\"description\":\"\",\"publisher\":{\"@id\":\"https:\\\/\\\/juststickit.de\\\/#organization\"},\"potentialAction\":[{\"@type\":\"SearchAction\",\"target\":{\"@type\":\"EntryPoint\",\"urlTemplate\":\"https:\\\/\\\/juststickit.de\\\/?s={search_term_string}\"},\"query-input\":{\"@type\":\"PropertyValueSpecification\",\"valueRequired\":true,\"valueName\":\"search_term_string\"}}],\"inLanguage\":\"de\"},{\"@type\":\"Organization\",\"@id\":\"https:\\\/\\\/juststickit.de\\\/#organization\",\"name\":\"juststickit.de\",\"url\":\"https:\\\/\\\/juststickit.de\\\/\",\"logo\":{\"@type\":\"ImageObject\",\"inLanguage\":\"de\",\"@id\":\"https:\\\/\\\/juststickit.de\\\/#\\\/schema\\\/logo\\\/image\\\/\",\"url\":\"https:\\\/\\\/juststickit.de\\\/wp-content\\\/uploads\\\/2025\\\/05\\\/JSI_logo.jpg\",\"contentUrl\":\"https:\\\/\\\/juststickit.de\\\/wp-content\\\/uploads\\\/2025\\\/05\\\/JSI_logo.jpg\",\"width\":1009,\"height\":260,\"caption\":\"juststickit.de\"},\"image\":{\"@id\":\"https:\\\/\\\/juststickit.de\\\/#\\\/schema\\\/logo\\\/image\\\/\"},\"sameAs\":[\"https:\\\/\\\/www.facebook.com\\\/Juststickit.Alben\"]}]}<\/script>\n<!-- \/ Yoast SEO plugin. -->","yoast_head_json":{"title":"165 Jahre K\u00f6lner Zoo - juststickit","description":"Das Sticker-Sammelalbum zum 165. Geburtstag des K\u00f6lner Zoos! Printed by Panini. Der ganze Zoo auf 258 Stickern.","robots":{"index":"index","follow":"follow","max-snippet":"max-snippet:-1","max-image-preview":"max-image-preview:large","max-video-preview":"max-video-preview:-1"},"canonical":"https:\/\/juststickit.de\/index.php\/produkt\/koelnerzoo\/","og_locale":"de_DE","og_type":"article","og_title":"165 Jahre K\u00f6lner Zoo - juststickit","og_description":"Das Sticker-Sammelalbum zum 165. Geburtstag des K\u00f6lner Zoos! Printed by Panini. Der ganze Zoo auf 258 Stickern.","og_url":"https:\/\/juststickit.de\/index.php\/produkt\/koelnerzoo\/","og_site_name":"juststickit","article_publisher":"https:\/\/www.facebook.com\/Juststickit.Alben","article_modified_time":"2026-04-29T21:38:43+00:00","og_image":[{"width":2560,"height":2560,"url":"https:\/\/juststickit.de\/wp-content\/uploads\/2026\/01\/box_webshop-scaled.jpg","type":"image\/jpeg"}],"twitter_card":"summary_large_image","twitter_misc":{"Gesch\u00e4tzte Lesezeit":"1\u00a0Minute"},"schema":{"@context":"https:\/\/schema.org","@graph":[{"@type":"WebPage","@id":"https:\/\/juststickit.de\/index.php\/produkt\/koelnerzoo\/","url":"https:\/\/juststickit.de\/index.php\/produkt\/koelnerzoo\/","name":"165 Jahre K\u00f6lner Zoo - juststickit","isPartOf":{"@id":"https:\/\/juststickit.de\/#website"},"primaryImageOfPage":{"@id":"https:\/\/juststickit.de\/index.php\/produkt\/koelnerzoo\/#primaryimage"},"image":{"@id":"https:\/\/juststickit.de\/index.php\/produkt\/koelnerzoo\/#primaryimage"},"thumbnailUrl":"https:\/\/juststickit.de\/wp-content\/uploads\/2026\/01\/box_webshop-scaled.jpg","datePublished":"2026-01-19T09:32:23+00:00","dateModified":"2026-04-29T21:38:43+00:00","description":"Das Sticker-Sammelalbum zum 165. Geburtstag des K\u00f6lner Zoos! Printed by Panini. Der ganze Zoo auf 258 Stickern.","breadcrumb":{"@id":"https:\/\/juststickit.de\/index.php\/produkt\/koelnerzoo\/#breadcrumb"},"inLanguage":"de","potentialAction":[{"@type":"ReadAction","target":["https:\/\/juststickit.de\/index.php\/produkt\/koelnerzoo\/"]}]},{"@type":"ImageObject","inLanguage":"de","@id":"https:\/\/juststickit.de\/index.php\/produkt\/koelnerzoo\/#primaryimage","url":"https:\/\/juststickit.de\/wp-content\/uploads\/2026\/01\/box_webshop-scaled.jpg","contentUrl":"https:\/\/juststickit.de\/wp-content\/uploads\/2026\/01\/box_webshop-scaled.jpg","width":2560,"height":2560},{"@type":"BreadcrumbList","@id":"https:\/\/juststickit.de\/index.php\/produkt\/koelnerzoo\/#breadcrumb","itemListElement":[{"@type":"ListItem","position":1,"name":"Startseite","item":"https:\/\/juststickit.de\/"},{"@type":"ListItem","position":2,"name":"Shop","item":"https:\/\/juststickit.de\/index.php\/shop\/"},{"@type":"ListItem","position":3,"name":"165 Jahre K\u00f6lner Zoo"}]},{"@type":"WebSite","@id":"https:\/\/juststickit.de\/#website","url":"https:\/\/juststickit.de\/","name":"juststickit","description":"","publisher":{"@id":"https:\/\/juststickit.de\/#organization"},"potentialAction":[{"@type":"SearchAction","target":{"@type":"EntryPoint","urlTemplate":"https:\/\/juststickit.de\/?s={search_term_string}"},"query-input":{"@type":"PropertyValueSpecification","valueRequired":true,"valueName":"search_term_string"}}],"inLanguage":"de"},{"@type":"Organization","@id":"https:\/\/juststickit.de\/#organization","name":"juststickit.de","url":"https:\/\/juststickit.de\/","logo":{"@type":"ImageObject","inLanguage":"de","@id":"https:\/\/juststickit.de\/#\/schema\/logo\/image\/","url":"https:\/\/juststickit.de\/wp-content\/uploads\/2025\/05\/JSI_logo.jpg","contentUrl":"https:\/\/juststickit.de\/wp-content\/uploads\/2025\/05\/JSI_logo.jpg","width":1009,"height":260,"caption":"juststickit.de"},"image":{"@id":"https:\/\/juststickit.de\/#\/schema\/logo\/image\/"},"sameAs":["https:\/\/www.facebook.com\/Juststickit.Alben"]}]}},"_links":{"self":[{"href":"https:\/\/juststickit.de\/index.php\/wp-json\/wp\/v2\/product\/27842","targetHints":{"allow":["GET"]}}],"collection":[{"href":"https:\/\/juststickit.de\/index.php\/wp-json\/wp\/v2\/product"}],"about":[{"href":"https:\/\/juststickit.de\/index.php\/wp-json\/wp\/v2\/types\/product"}],"replies":[{"embeddable":true,"href":"https:\/\/juststickit.de\/index.php\/wp-json\/wp\/v2\/comments?post=27842"}],"wp:featuredmedia":[{"embeddable":true,"href":"https:\/\/juststickit.de\/index.php\/wp-json\/wp\/v2\/media\/27847"}],"wp:attachment":[{"href":"https:\/\/juststickit.de\/index.php\/wp-json\/wp\/v2\/media?parent=27842"}],"wp:term":[{"taxonomy":"product_brand","embeddable":true,"href":"https:\/\/juststickit.de\/index.php\/wp-json\/wp\/v2\/product_brand?post=27842"},{"taxonomy":"product_cat","embeddable":true,"href":"https:\/\/juststickit.de\/index.php\/wp-json\/wp\/v2\/product_cat?post=27842"},{"taxonomy":"product_tag","embeddable":true,"href":"https:\/\/juststickit.de\/index.php\/wp-json\/wp\/v2\/product_tag?post=27842"}],"curies":[{"name":"wp","href":"https:\/\/api.w.org\/{rel}","templated":true}]}}