{"id":28281,"date":"2026-04-23T05:14:51","date_gmt":"2026-04-23T05:14:51","guid":{"rendered":"https:\/\/juststickit.de\/?post_type=product&#038;p=28281"},"modified":"2026-04-25T17:10:42","modified_gmt":"2026-04-25T17:10:42","slug":"400jahrereeperbahn","status":"publish","type":"product","link":"https:\/\/juststickit.de\/index.php\/produkt\/400jahrereeperbahn\/","title":{"rendered":"400 Jahre Reeperbahn"},"content":{"rendered":"<p>Die komplette Kollektion ist auf FSC-zertifiziertem Papier aus nachhaltiger Forstwirtschaft gedruckt und komplett recycelbar, bis hin zur Tr\u00e4gerfolie der Sticker! Gedruckt wurde in Italien, auf den original Panini-Maschinen.<\/p>\n","protected":false},"excerpt":{"rendered":"<p><strong>Jetzt den Kiez er(k)leben!<\/strong> \u201e400 Jahre Reeperbahn\u201c, das Stickeralbum u\u0308ber Hamburgs \u201esu\u0308ndige Meile&#8220;: <strong>276 Sticker zeigen alles, was man u\u0308ber die Reeperbahn, St. Pauli und den Kiez wissen muss:<\/strong> Geschichte, Prominente, Clubs &amp; Locations, Musik &amp; Kultur, Rotlicht, Blaulicht, und, und, und. \u201eTausche Davidwache gegen Olivia Jones! Biete den Elbschlosskeller und das Millerntor, suche Herbertstra\u00dfe, die Esso-Tanke und Hans Albers!\u201c <strong>52 Seiten und 276 Sticker, gedruckt bei Panini in Italien,<\/strong> zeigen die vielleicht beru\u0308hmteste Stra\u00dfe der Welt (und auch ihre spannenden Nebenstra\u00dfen) mit all ihren Facetten. Liebevolle Texte erkl\u00e4ren jedes Bild und machen das Album zu einem echten Nachschlagewerk.<strong> Ein Sammelspa\u00df nicht nur fu\u0308r alle Hamburgerinnen und Hamburger \u2013 denn die Reeperbahn fasziniert die Menschen im ganzen Land. Mit Gutscheinen zum Sofort-Einl\u00f6sen und einem XXL-Gewinnspiel!<\/strong><\/p>\n","protected":false},"featured_media":28275,"comment_status":"open","ping_status":"closed","template":"","meta":[],"product_brand":[],"product_cat":[18,27],"product_tag":[131,132,130,129,134],"class_list":{"0":"post-28281","1":"product","2":"type-product","3":"status-publish","4":"has-post-thumbnail","6":"product_cat-heimat-alben","7":"product_cat-panini-serien","8":"product_tag-400-jahre-reeperbahn","9":"product_tag-kiez-panini","10":"product_tag-reeperbahn-sammelalbum","11":"product_tag-reeperbahn-panini","12":"product_tag-st-pauli-panini","13":"tm-has-styled-variations","14":"tm-has-options","16":"first","17":"instock","18":"taxable","19":"shipping-taxable","20":"purchasable","21":"product-type-variable"},"yoast_head":"<!-- This site is optimized with the Yoast SEO plugin v27.4 - https:\/\/yoast.com\/product\/yoast-seo-wordpress\/ -->\n<title>400 Jahre Reeperbahn - juststickit<\/title>\n<meta name=\"description\" content=\"Das Panini-Sammelalbum f\u00fcr die DEG! Die 90-j\u00e4hrige Vereinsgeschichte der D\u00fcsseldorfer EG in 290 Panini-Sammelbildern.\" \/>\n<meta name=\"robots\" content=\"index, follow, max-snippet:-1, max-image-preview:large, max-video-preview:-1\" \/>\n<link rel=\"canonical\" href=\"https:\/\/juststickit.de\/index.php\/produkt\/400jahrereeperbahn\/\" \/>\n<meta property=\"og:locale\" content=\"de_DE\" \/>\n<meta property=\"og:type\" content=\"article\" \/>\n<meta property=\"og:title\" content=\"400 Jahre Reeperbahn - juststickit\" \/>\n<meta property=\"og:description\" content=\"Das Panini-Sammelalbum f\u00fcr die DEG! Die 90-j\u00e4hrige Vereinsgeschichte der D\u00fcsseldorfer EG in 290 Panini-Sammelbildern.\" \/>\n<meta property=\"og:url\" content=\"https:\/\/juststickit.de\/index.php\/produkt\/400jahrereeperbahn\/\" \/>\n<meta property=\"og:site_name\" content=\"juststickit\" \/>\n<meta property=\"article:publisher\" content=\"https:\/\/www.facebook.com\/Juststickit.Alben\" \/>\n<meta property=\"article:modified_time\" content=\"2026-04-25T17:10:42+00:00\" \/>\n<meta property=\"og:image\" content=\"https:\/\/juststickit.de\/wp-content\/uploads\/2026\/04\/box_webshop-scaled.jpg\" \/>\n\t<meta property=\"og:image:width\" content=\"2560\" \/>\n\t<meta property=\"og:image:height\" content=\"2560\" \/>\n\t<meta property=\"og:image:type\" content=\"image\/jpeg\" \/>\n<meta name=\"twitter:card\" content=\"summary_large_image\" \/>\n<meta name=\"twitter:label1\" content=\"Gesch\u00e4tzte Lesezeit\" \/>\n\t<meta name=\"twitter:data1\" content=\"1\u00a0Minute\" \/>\n<script type=\"application\/ld+json\" class=\"yoast-schema-graph\">{\"@context\":\"https:\\\/\\\/schema.org\",\"@graph\":[{\"@type\":\"WebPage\",\"@id\":\"https:\\\/\\\/juststickit.de\\\/index.php\\\/produkt\\\/400jahrereeperbahn\\\/\",\"url\":\"https:\\\/\\\/juststickit.de\\\/index.php\\\/produkt\\\/400jahrereeperbahn\\\/\",\"name\":\"400 Jahre Reeperbahn - juststickit\",\"isPartOf\":{\"@id\":\"https:\\\/\\\/juststickit.de\\\/#website\"},\"primaryImageOfPage\":{\"@id\":\"https:\\\/\\\/juststickit.de\\\/index.php\\\/produkt\\\/400jahrereeperbahn\\\/#primaryimage\"},\"image\":{\"@id\":\"https:\\\/\\\/juststickit.de\\\/index.php\\\/produkt\\\/400jahrereeperbahn\\\/#primaryimage\"},\"thumbnailUrl\":\"https:\\\/\\\/juststickit.de\\\/wp-content\\\/uploads\\\/2026\\\/04\\\/box_webshop-scaled.jpg\",\"datePublished\":\"2026-04-23T05:14:51+00:00\",\"dateModified\":\"2026-04-25T17:10:42+00:00\",\"description\":\"Das Panini-Sammelalbum f\u00fcr die DEG! Die 90-j\u00e4hrige Vereinsgeschichte der D\u00fcsseldorfer EG in 290 Panini-Sammelbildern.\",\"breadcrumb\":{\"@id\":\"https:\\\/\\\/juststickit.de\\\/index.php\\\/produkt\\\/400jahrereeperbahn\\\/#breadcrumb\"},\"inLanguage\":\"de\",\"potentialAction\":[{\"@type\":\"ReadAction\",\"target\":[\"https:\\\/\\\/juststickit.de\\\/index.php\\\/produkt\\\/400jahrereeperbahn\\\/\"]}]},{\"@type\":\"ImageObject\",\"inLanguage\":\"de\",\"@id\":\"https:\\\/\\\/juststickit.de\\\/index.php\\\/produkt\\\/400jahrereeperbahn\\\/#primaryimage\",\"url\":\"https:\\\/\\\/juststickit.de\\\/wp-content\\\/uploads\\\/2026\\\/04\\\/box_webshop-scaled.jpg\",\"contentUrl\":\"https:\\\/\\\/juststickit.de\\\/wp-content\\\/uploads\\\/2026\\\/04\\\/box_webshop-scaled.jpg\",\"width\":2560,\"height\":2560},{\"@type\":\"BreadcrumbList\",\"@id\":\"https:\\\/\\\/juststickit.de\\\/index.php\\\/produkt\\\/400jahrereeperbahn\\\/#breadcrumb\",\"itemListElement\":[{\"@type\":\"ListItem\",\"position\":1,\"name\":\"Startseite\",\"item\":\"https:\\\/\\\/juststickit.de\\\/\"},{\"@type\":\"ListItem\",\"position\":2,\"name\":\"Shop\",\"item\":\"https:\\\/\\\/juststickit.de\\\/index.php\\\/shop\\\/\"},{\"@type\":\"ListItem\",\"position\":3,\"name\":\"400 Jahre Reeperbahn\"}]},{\"@type\":\"WebSite\",\"@id\":\"https:\\\/\\\/juststickit.de\\\/#website\",\"url\":\"https:\\\/\\\/juststickit.de\\\/\",\"name\":\"juststickit\",\"description\":\"\",\"publisher\":{\"@id\":\"https:\\\/\\\/juststickit.de\\\/#organization\"},\"potentialAction\":[{\"@type\":\"SearchAction\",\"target\":{\"@type\":\"EntryPoint\",\"urlTemplate\":\"https:\\\/\\\/juststickit.de\\\/?s={search_term_string}\"},\"query-input\":{\"@type\":\"PropertyValueSpecification\",\"valueRequired\":true,\"valueName\":\"search_term_string\"}}],\"inLanguage\":\"de\"},{\"@type\":\"Organization\",\"@id\":\"https:\\\/\\\/juststickit.de\\\/#organization\",\"name\":\"juststickit.de\",\"url\":\"https:\\\/\\\/juststickit.de\\\/\",\"logo\":{\"@type\":\"ImageObject\",\"inLanguage\":\"de\",\"@id\":\"https:\\\/\\\/juststickit.de\\\/#\\\/schema\\\/logo\\\/image\\\/\",\"url\":\"https:\\\/\\\/juststickit.de\\\/wp-content\\\/uploads\\\/2025\\\/05\\\/JSI_logo.jpg\",\"contentUrl\":\"https:\\\/\\\/juststickit.de\\\/wp-content\\\/uploads\\\/2025\\\/05\\\/JSI_logo.jpg\",\"width\":1009,\"height\":260,\"caption\":\"juststickit.de\"},\"image\":{\"@id\":\"https:\\\/\\\/juststickit.de\\\/#\\\/schema\\\/logo\\\/image\\\/\"},\"sameAs\":[\"https:\\\/\\\/www.facebook.com\\\/Juststickit.Alben\"]}]}<\/script>\n<!-- \/ Yoast SEO plugin. -->","yoast_head_json":{"title":"400 Jahre Reeperbahn - juststickit","description":"Das Panini-Sammelalbum f\u00fcr die DEG! Die 90-j\u00e4hrige Vereinsgeschichte der D\u00fcsseldorfer EG in 290 Panini-Sammelbildern.","robots":{"index":"index","follow":"follow","max-snippet":"max-snippet:-1","max-image-preview":"max-image-preview:large","max-video-preview":"max-video-preview:-1"},"canonical":"https:\/\/juststickit.de\/index.php\/produkt\/400jahrereeperbahn\/","og_locale":"de_DE","og_type":"article","og_title":"400 Jahre Reeperbahn - juststickit","og_description":"Das Panini-Sammelalbum f\u00fcr die DEG! Die 90-j\u00e4hrige Vereinsgeschichte der D\u00fcsseldorfer EG in 290 Panini-Sammelbildern.","og_url":"https:\/\/juststickit.de\/index.php\/produkt\/400jahrereeperbahn\/","og_site_name":"juststickit","article_publisher":"https:\/\/www.facebook.com\/Juststickit.Alben","article_modified_time":"2026-04-25T17:10:42+00:00","og_image":[{"width":2560,"height":2560,"url":"https:\/\/juststickit.de\/wp-content\/uploads\/2026\/04\/box_webshop-scaled.jpg","type":"image\/jpeg"}],"twitter_card":"summary_large_image","twitter_misc":{"Gesch\u00e4tzte Lesezeit":"1\u00a0Minute"},"schema":{"@context":"https:\/\/schema.org","@graph":[{"@type":"WebPage","@id":"https:\/\/juststickit.de\/index.php\/produkt\/400jahrereeperbahn\/","url":"https:\/\/juststickit.de\/index.php\/produkt\/400jahrereeperbahn\/","name":"400 Jahre Reeperbahn - juststickit","isPartOf":{"@id":"https:\/\/juststickit.de\/#website"},"primaryImageOfPage":{"@id":"https:\/\/juststickit.de\/index.php\/produkt\/400jahrereeperbahn\/#primaryimage"},"image":{"@id":"https:\/\/juststickit.de\/index.php\/produkt\/400jahrereeperbahn\/#primaryimage"},"thumbnailUrl":"https:\/\/juststickit.de\/wp-content\/uploads\/2026\/04\/box_webshop-scaled.jpg","datePublished":"2026-04-23T05:14:51+00:00","dateModified":"2026-04-25T17:10:42+00:00","description":"Das Panini-Sammelalbum f\u00fcr die DEG! Die 90-j\u00e4hrige Vereinsgeschichte der D\u00fcsseldorfer EG in 290 Panini-Sammelbildern.","breadcrumb":{"@id":"https:\/\/juststickit.de\/index.php\/produkt\/400jahrereeperbahn\/#breadcrumb"},"inLanguage":"de","potentialAction":[{"@type":"ReadAction","target":["https:\/\/juststickit.de\/index.php\/produkt\/400jahrereeperbahn\/"]}]},{"@type":"ImageObject","inLanguage":"de","@id":"https:\/\/juststickit.de\/index.php\/produkt\/400jahrereeperbahn\/#primaryimage","url":"https:\/\/juststickit.de\/wp-content\/uploads\/2026\/04\/box_webshop-scaled.jpg","contentUrl":"https:\/\/juststickit.de\/wp-content\/uploads\/2026\/04\/box_webshop-scaled.jpg","width":2560,"height":2560},{"@type":"BreadcrumbList","@id":"https:\/\/juststickit.de\/index.php\/produkt\/400jahrereeperbahn\/#breadcrumb","itemListElement":[{"@type":"ListItem","position":1,"name":"Startseite","item":"https:\/\/juststickit.de\/"},{"@type":"ListItem","position":2,"name":"Shop","item":"https:\/\/juststickit.de\/index.php\/shop\/"},{"@type":"ListItem","position":3,"name":"400 Jahre Reeperbahn"}]},{"@type":"WebSite","@id":"https:\/\/juststickit.de\/#website","url":"https:\/\/juststickit.de\/","name":"juststickit","description":"","publisher":{"@id":"https:\/\/juststickit.de\/#organization"},"potentialAction":[{"@type":"SearchAction","target":{"@type":"EntryPoint","urlTemplate":"https:\/\/juststickit.de\/?s={search_term_string}"},"query-input":{"@type":"PropertyValueSpecification","valueRequired":true,"valueName":"search_term_string"}}],"inLanguage":"de"},{"@type":"Organization","@id":"https:\/\/juststickit.de\/#organization","name":"juststickit.de","url":"https:\/\/juststickit.de\/","logo":{"@type":"ImageObject","inLanguage":"de","@id":"https:\/\/juststickit.de\/#\/schema\/logo\/image\/","url":"https:\/\/juststickit.de\/wp-content\/uploads\/2025\/05\/JSI_logo.jpg","contentUrl":"https:\/\/juststickit.de\/wp-content\/uploads\/2025\/05\/JSI_logo.jpg","width":1009,"height":260,"caption":"juststickit.de"},"image":{"@id":"https:\/\/juststickit.de\/#\/schema\/logo\/image\/"},"sameAs":["https:\/\/www.facebook.com\/Juststickit.Alben"]}]}},"_links":{"self":[{"href":"https:\/\/juststickit.de\/index.php\/wp-json\/wp\/v2\/product\/28281","targetHints":{"allow":["GET"]}}],"collection":[{"href":"https:\/\/juststickit.de\/index.php\/wp-json\/wp\/v2\/product"}],"about":[{"href":"https:\/\/juststickit.de\/index.php\/wp-json\/wp\/v2\/types\/product"}],"replies":[{"embeddable":true,"href":"https:\/\/juststickit.de\/index.php\/wp-json\/wp\/v2\/comments?post=28281"}],"wp:featuredmedia":[{"embeddable":true,"href":"https:\/\/juststickit.de\/index.php\/wp-json\/wp\/v2\/media\/28275"}],"wp:attachment":[{"href":"https:\/\/juststickit.de\/index.php\/wp-json\/wp\/v2\/media?parent=28281"}],"wp:term":[{"taxonomy":"product_brand","embeddable":true,"href":"https:\/\/juststickit.de\/index.php\/wp-json\/wp\/v2\/product_brand?post=28281"},{"taxonomy":"product_cat","embeddable":true,"href":"https:\/\/juststickit.de\/index.php\/wp-json\/wp\/v2\/product_cat?post=28281"},{"taxonomy":"product_tag","embeddable":true,"href":"https:\/\/juststickit.de\/index.php\/wp-json\/wp\/v2\/product_tag?post=28281"}],"curies":[{"name":"wp","href":"https:\/\/api.w.org\/{rel}","templated":true}]}}